{"id":47,"date":"2023-04-09T23:00:47","date_gmt":"2023-04-09T21:00:47","guid":{"rendered":"https:\/\/mks-bauelemente.de\/?page_id=47"},"modified":"2023-10-05T23:18:24","modified_gmt":"2023-10-05T21:18:24","slug":"ueber-uns","status":"publish","type":"page","link":"https:\/\/mks-bauelemente.de\/?page_id=47","title":{"rendered":"\u00dcber uns"},"content":{"rendered":"\n[et_pb_section fb_built=&#8220;1&#8243; disabled_on=&#8220;off|off|off&#8220; _builder_version=&#8220;4.20.4&#8243; _module_preset=&#8220;default&#8220; height=&#8220;75vh&#8220; height_tablet=&#8220;75vh&#8220; height_phone=&#8220;auto&#8220; height_last_edited=&#8220;on|phone&#8220; custom_padding=&#8220;0px||0px||false|false&#8220; box_shadow_style=&#8220;preset1&#8243; global_colors_info=&#8220;{}&#8220;][et_pb_row column_structure=&#8220;1_3,2_3&#8243; use_custom_gutter=&#8220;on&#8220; gutter_width=&#8220;1&#8243; make_equal=&#8220;on&#8220; _builder_version=&#8220;4.20.4&#8243; _module_preset=&#8220;default&#8220; background_color=&#8220;#FFFFFF&#8220; width=&#8220;100%&#8220; max_width=&#8220;100%&#8220; min_height=&#8220;75vh&#8220; min_height_tablet=&#8220;75vh&#8220; min_height_phone=&#8220;250px&#8220; min_height_last_edited=&#8220;on|phone&#8220; custom_padding=&#8220;0px||0px||false|false&#8220; border_width_bottom=&#8220;4px&#8220; border_color_bottom=&#8220;#1CAADC&#8220; box_shadow_style=&#8220;preset1&#8243; global_colors_info=&#8220;{}&#8220;][et_pb_column type=&#8220;1_3&#8243; _builder_version=&#8220;4.16&#8243; _module_preset=&#8220;default&#8220; custom_padding=&#8220;||||false|false&#8220; global_colors_info=&#8220;{}&#8220;][et_pb_text _builder_version=&#8220;4.20.4&#8243; _module_preset=&#8220;default&#8220; header_font=&#8220;|800|||||||&#8220; header_font_size=&#8220;45px&#8220; header_line_height=&#8220;1.2em&#8220; positioning=&#8220;absolute&#8220; position_origin_a=&#8220;center_left&#8220; position_origin_a_tablet=&#8220;center_left&#8220; position_origin_a_phone=&#8220;center_left&#8220; position_origin_a_last_edited=&#8220;on|phone&#8220; position_origin_f_tablet=&#8220;&#8220; position_origin_f_phone=&#8220;&#8220; position_origin_f_last_edited=&#8220;on|phone&#8220; position_origin_r_tablet=&#8220;&#8220; position_origin_r_phone=&#8220;&#8220; position_origin_r_last_edited=&#8220;on|phone&#8220; width=&#8220;100%&#8220; custom_margin=&#8220;||||false|false&#8220; custom_padding=&#8220;15%|15%|15%|15%|false|false&#8220; custom_padding_tablet=&#8220;15%|15%|15%|15%|false|false&#8220; custom_padding_phone=&#8220;35px|35px|35px|35px|false|false&#8220; custom_padding_last_edited=&#8220;on|phone&#8220; header_font_size_tablet=&#8220;45px&#8220; header_font_size_phone=&#8220;35px&#8220; header_font_size_last_edited=&#8220;on|phone&#8220; positioning_tablet=&#8220;absolute&#8220; positioning_phone=&#8220;none&#8220; positioning_last_edited=&#8220;on|phone&#8220; global_colors_info=&#8220;{}&#8220;]<h1><span style=\"text-decoration: underline; text-decoration-color: #1CAADC;\">Unser Unternehmen &#8211; mks Bauelemente, Edelstahl-Design und Montage<\/span><\/h1>\n<p>mks Bauelemente aus Neum\u00fcnster gestaltet f\u00fcr Sie herausragende und individuell anpassbare Qualit\u00e4t im Bereich Bauelemente \u2013 Treppen, Tore, Z\u00e4une, Sonnenschutz und mehr. Wir haben eine eigene Produktion, arbeiten mit renommierten Partnern zusammen und setzen Ihre speziellen W\u00fcnsche pers\u00f6nlich f\u00fcr Sie um. Wir machen m\u00f6glich, was Sie wollen. In punkto Sicherheit und mit individueller \u00c4sthetik.<\/p>[\/et_pb_text][\/et_pb_column][et_pb_column type=&#8220;2_3&#8243; _builder_version=&#8220;4.16&#8243; _module_preset=&#8220;default&#8220; background_enable_image=&#8220;off&#8220; global_colors_info=&#8220;{}&#8220;][et_pb_slider _builder_version=&#8220;4.20.4&#8243; _module_preset=&#8220;default&#8220; min_height=&#8220;75vh&#8220; min_height_tablet=&#8220;75vh&#8220; min_height_phone=&#8220;250px&#8220; min_height_last_edited=&#8220;on|phone&#8220; custom_margin=&#8220;0px|0px|0px|0px|false|false&#8220; custom_padding=&#8220;0px|0px|0px|0px|false|false&#8220; auto=&#8220;on&#8220; auto_speed=&#8220;5000&#8243; auto_ignore_hover=&#8220;on&#8220; global_colors_info=&#8220;{}&#8220;][et_pb_slide _builder_version=&#8220;4.20.4&#8243; _module_preset=&#8220;default&#8220; background_enable_color=&#8220;off&#8220; background_image=&#8220;https:\/\/mks-bauelemente.de\/wp-content\/uploads\/2023\/05\/mks-bauelemente-ueber-uns-header.jpg&#8220; background_enable_image=&#8220;on&#8220; global_colors_info=&#8220;{}&#8220; sticky_transition=&#8220;on&#8220;][\/et_pb_slide][\/et_pb_slider][\/et_pb_column][\/et_pb_row][\/et_pb_section][et_pb_section fb_built=&#8220;1&#8243; _builder_version=&#8220;4.20.4&#8243; _module_preset=&#8220;default&#8220; global_colors_info=&#8220;{}&#8220;][et_pb_row make_equal=&#8220;on&#8220; _builder_version=&#8220;4.20.4&#8243; _module_preset=&#8220;default&#8220; custom_padding=&#8220;0px||0px||false|false&#8220; global_colors_info=&#8220;{}&#8220;][et_pb_column type=&#8220;4_4&#8243; _builder_version=&#8220;4.20.4&#8243; _module_preset=&#8220;default&#8220; global_colors_info=&#8220;{}&#8220;][et_pb_text _builder_version=&#8220;4.20.4&#8243; _module_preset=&#8220;default&#8220; position_origin_a=&#8220;center_left&#8220; width=&#8220;100%&#8220; global_colors_info=&#8220;{}&#8220;]<p>Wir bieten Ihnen eindrucksvolle und qualitativ hochwertige Treppen von unserem Vertriebspartner Kenngott mit auf Wunsch eigens f\u00fcr Sie gefertigten Handl\u00e4ufen, ma\u00dfgenaue Balkongel\u00e4nder aus eigener Produktion, hochwertige Garagentore, widerstandsf\u00e4hige und w\u00e4rmed\u00e4mmende Fenster und T\u00fcren von Wisniowski, repr\u00e4sentative Zaunsysteme, kreative Terrassen\u00fcberdachungen und Winterg\u00e4rten sowie coole Sonnenschutzsysteme von Nova H\u00fcppe.<\/p>[\/et_pb_text][\/et_pb_column][\/et_pb_row][\/et_pb_section][et_pb_section fb_built=&#8220;1&#8243; _builder_version=&#8220;4.20.4&#8243; _module_preset=&#8220;default&#8220; custom_padding=&#8220;0px||||false|false&#8220; hover_enabled=&#8220;0&#8243; global_colors_info=&#8220;{}&#8220; custom_padding_last_edited=&#8220;on|phone&#8220; sticky_enabled=&#8220;0&#8243; custom_padding_phone=&#8220;||0px||false|false&#8220; custom_padding_tablet=&#8220;0px||||false|false&#8220;][et_pb_row column_structure=&#8220;1_3,1_3,1_3&#8243; use_custom_gutter=&#8220;on&#8220; gutter_width=&#8220;2&#8243; make_equal=&#8220;on&#8220; _builder_version=&#8220;4.20.4&#8243; _module_preset=&#8220;default&#8220; custom_margin=&#8220;||||false|false&#8220; custom_padding=&#8220;0px||0px||false|false&#8220; global_colors_info=&#8220;{}&#8220;][et_pb_column type=&#8220;1_3&#8243; _builder_version=&#8220;4.20.4&#8243; _module_preset=&#8220;default&#8220; box_shadow_style=&#8220;preset1&#8243; global_colors_info=&#8220;{}&#8220;][et_pb_text _builder_version=&#8220;4.20.4&#8243; _module_preset=&#8220;default&#8220; header_3_font=&#8220;|700|||||||&#8220; header_3_font_size=&#8220;25px&#8220; custom_padding=&#8220;35px|35px|35px|35px|false|false&#8220; global_colors_info=&#8220;{}&#8220;]<h3>Pers\u00f6nliche Beratung und eigene Ausstellung<\/h3>\n<p>Mit einer eigenen Ausstellung und vor-Ort Beratung stellen wir pers\u00f6nlich sicher, dass Sie genau das bekommen, was Sie wollen. Sie haben die Auswahl, wir setzen Ihre W\u00fcnsche um. Zuverl\u00e4ssig, pers\u00f6nlich, genau.<\/p>[\/et_pb_text][\/et_pb_column][et_pb_column type=&#8220;1_3&#8243; _builder_version=&#8220;4.20.4&#8243; _module_preset=&#8220;default&#8220; box_shadow_style=&#8220;preset1&#8243; global_colors_info=&#8220;{}&#8220;][et_pb_text _builder_version=&#8220;4.20.4&#8243; _module_preset=&#8220;default&#8220; header_3_font=&#8220;|700|||||||&#8220; header_3_font_size=&#8220;25px&#8220; custom_padding=&#8220;35px|35px|35px|35px|false|false&#8220; global_colors_info=&#8220;{}&#8220;]<h3>Erstklassige Materialien<\/h3>\n<p>Wir verwenden Materialien, die zugleich solide und Blickfang sind \u2013 bei Treppen beispielsweise mannigfaltige Holzarten, innovatives Longlife-Material exklusiv von Kenngott, kostbaren Naturstein, best\u00e4ndiges Metall oder brilliantes Glas.<\/p>[\/et_pb_text][\/et_pb_column][et_pb_column type=&#8220;1_3&#8243; _builder_version=&#8220;4.20.4&#8243; _module_preset=&#8220;default&#8220; box_shadow_style=&#8220;preset1&#8243; global_colors_info=&#8220;{}&#8220;][et_pb_text _builder_version=&#8220;4.20.4&#8243; _module_preset=&#8220;default&#8220; header_3_font=&#8220;|700|||||||&#8220; header_3_font_size=&#8220;25px&#8220; custom_padding=&#8220;35px|35px|35px|35px|false|false&#8220; global_colors_info=&#8220;{}&#8220;]<h3>Exklusive Auswahl an Partnern<\/h3>\n<p>Ausgezeichnete Partner wie Kenngott und Wisniowski garantieren Ihnen herausragende<br \/>Fertigungsqualit\u00e4t. F\u00fcr Best\u00e4ndigkeit und kontinuierlich fantastisches Aussehen Ihrer Treppen, Tore, T\u00fcren und anderer Bauelemente.<\/p>[\/et_pb_text][\/et_pb_column][\/et_pb_row][et_pb_row column_structure=&#8220;1_3,1_3,1_3&#8243; use_custom_gutter=&#8220;on&#8220; gutter_width=&#8220;2&#8243; make_equal=&#8220;on&#8220; _builder_version=&#8220;4.20.4&#8243; _module_preset=&#8220;default&#8220; custom_padding=&#8220;||0px||false|false&#8220; global_colors_info=&#8220;{}&#8220;][et_pb_column type=&#8220;1_3&#8243; _builder_version=&#8220;4.20.4&#8243; _module_preset=&#8220;default&#8220; box_shadow_style=&#8220;preset1&#8243; global_colors_info=&#8220;{}&#8220;][et_pb_text _builder_version=&#8220;4.20.4&#8243; _module_preset=&#8220;default&#8220; header_3_font=&#8220;|700|||||||&#8220; header_3_font_size=&#8220;25px&#8220; custom_padding=&#8220;35px|35px|35px|35px|false|false&#8220; global_colors_info=&#8220;{}&#8220;]<h3>Eigene Fertigung ganz nach Ihren W\u00fcnschen<\/h3>\n<p>Was nicht passt, wird passend gemacht. So, dass es Ihnen lange erhalten bleibt und sich perfekt ins Gesamtbild einf\u00fcgt. Einzigartig und zugleich wie aus einem Guss. Sie haben eine Idee? Wir setzen Sie f\u00fcr Sie um \u2013 vom exakten Handlauf bis zum tonangebenden Firmenschild.<\/p>[\/et_pb_text][\/et_pb_column][et_pb_column type=&#8220;1_3&#8243; _builder_version=&#8220;4.20.4&#8243; _module_preset=&#8220;default&#8220; box_shadow_style=&#8220;preset1&#8243; global_colors_info=&#8220;{}&#8220;][et_pb_text _builder_version=&#8220;4.20.4&#8243; _module_preset=&#8220;default&#8220; header_3_font=&#8220;|700|||||||&#8220; header_3_font_size=&#8220;25px&#8220; custom_padding=&#8220;35px|35px|35px|35px|false|false&#8220; global_colors_info=&#8220;{}&#8220;]<h3>Durch Erfahrung stark<\/h3>\n<p>Mit einem eingespielten Team, das Hand in Hand arbeitet und Ihnen sowohl bei der Auswahl, als auch in der Umsetzung pers\u00f6nlich zur Seite steht. Wir setzen genau das um, was mit Ihnen besprochen ist. Damit Ihre Vision Wirklichkeit wird.<\/p>[\/et_pb_text][\/et_pb_column][et_pb_column type=&#8220;1_3&#8243; _builder_version=&#8220;4.20.4&#8243; _module_preset=&#8220;default&#8220; global_colors_info=&#8220;{}&#8220;][\/et_pb_column][\/et_pb_row][\/et_pb_section]\n","protected":false},"excerpt":{"rendered":"<p>Unser Unternehmen &#8211; mks Bauelemente, Edelstahl-Design und Montage mks Bauelemente aus Neum\u00fcnster gestaltet f\u00fcr Sie herausragende und individuell anpassbare Qualit\u00e4t im Bereich Bauelemente \u2013 Treppen, Tore, Z\u00e4une, Sonnenschutz und mehr. Wir haben eine eigene Produktion, arbeiten mit renommierten Partnern zusammen und setzen Ihre speziellen W\u00fcnsche pers\u00f6nlich f\u00fcr Sie um. Wir machen m\u00f6glich, was Sie wollen. [&hellip;]<\/p>\n","protected":false},"author":2,"featured_media":0,"parent":0,"menu_order":0,"comment_status":"closed","ping_status":"closed","template":"","meta":{"_et_pb_use_builder":"on","_et_pb_old_content":"","_et_gb_content_width":"","footnotes":""},"class_list":["post-47","page","type-page","status-publish","hentry"],"yoast_head":"<!-- This site is optimized with the Yoast SEO plugin v27.4 - https:\/\/yoast.com\/product\/yoast-seo-wordpress\/ -->\n<title>\u00dcber unser Unternehmen \u25b7 mks Bauelemente aus Neum\u00fcnster<\/title>\n<meta name=\"description\" content=\"mks Bauelemente f\u00fcr herausragende und individuell anpassbare Qualit\u00e4t im Bereich Bauelemente \u2728 Treppen, Tore, Z\u00e4une, Sonnenschutz und mehr \u260e\ufe0f Jetzt kontaktieren\" \/>\n<meta name=\"robots\" content=\"index, follow, max-snippet:-1, max-image-preview:large, max-video-preview:-1\" \/>\n<link rel=\"canonical\" href=\"https:\/\/mks-bauelemente.de\/?page_id=47\" \/>\n<meta property=\"og:locale\" content=\"de_DE\" \/>\n<meta property=\"og:type\" content=\"article\" \/>\n<meta property=\"og:title\" content=\"\u00dcber unser Unternehmen \u25b7 mks Bauelemente aus Neum\u00fcnster\" \/>\n<meta property=\"og:description\" content=\"mks Bauelemente f\u00fcr herausragende und individuell anpassbare Qualit\u00e4t im Bereich Bauelemente \u2728 Treppen, Tore, Z\u00e4une, Sonnenschutz und mehr \u260e\ufe0f Jetzt kontaktieren\" \/>\n<meta property=\"og:url\" content=\"https:\/\/mks-bauelemente.de\/?page_id=47\" \/>\n<meta property=\"og:site_name\" content=\"mks Bauelemente aus Neum\u00fcnster\" \/>\n<meta property=\"article:modified_time\" content=\"2023-10-05T21:18:24+00:00\" \/>\n<meta name=\"twitter:card\" content=\"summary_large_image\" \/>\n<meta name=\"twitter:label1\" content=\"Gesch\u00e4tzte Lesezeit\" \/>\n\t<meta name=\"twitter:data1\" content=\"3\u00a0Minuten\" \/>\n<script type=\"application\/ld+json\" class=\"yoast-schema-graph\">{\"@context\":\"https:\\\/\\\/schema.org\",\"@graph\":[{\"@type\":\"WebPage\",\"@id\":\"https:\\\/\\\/mks-bauelemente.de\\\/?page_id=47\",\"url\":\"https:\\\/\\\/mks-bauelemente.de\\\/?page_id=47\",\"name\":\"\u00dcber unser Unternehmen \u25b7 mks Bauelemente aus Neum\u00fcnster\",\"isPartOf\":{\"@id\":\"https:\\\/\\\/mks-bauelemente.de\\\/#website\"},\"datePublished\":\"2023-04-09T21:00:47+00:00\",\"dateModified\":\"2023-10-05T21:18:24+00:00\",\"description\":\"mks Bauelemente f\u00fcr herausragende und individuell anpassbare Qualit\u00e4t im Bereich Bauelemente \u2728 Treppen, Tore, Z\u00e4une, Sonnenschutz und mehr \u260e\ufe0f Jetzt kontaktieren\",\"breadcrumb\":{\"@id\":\"https:\\\/\\\/mks-bauelemente.de\\\/?page_id=47#breadcrumb\"},\"inLanguage\":\"de\",\"potentialAction\":[{\"@type\":\"ReadAction\",\"target\":[\"https:\\\/\\\/mks-bauelemente.de\\\/?page_id=47\"]}]},{\"@type\":\"BreadcrumbList\",\"@id\":\"https:\\\/\\\/mks-bauelemente.de\\\/?page_id=47#breadcrumb\",\"itemListElement\":[{\"@type\":\"ListItem\",\"position\":1,\"name\":\"Startseite\",\"item\":\"https:\\\/\\\/mks-bauelemente.de\\\/\"},{\"@type\":\"ListItem\",\"position\":2,\"name\":\"\u00dcber uns\"}]},{\"@type\":\"WebSite\",\"@id\":\"https:\\\/\\\/mks-bauelemente.de\\\/#website\",\"url\":\"https:\\\/\\\/mks-bauelemente.de\\\/\",\"name\":\"mks Bauelemente aus Neum\u00fcnster\",\"description\":\"Treppen, Gel\u00e4nder, T\u00fcren, Tore, Z\u00e4une und mehr\",\"potentialAction\":[{\"@type\":\"SearchAction\",\"target\":{\"@type\":\"EntryPoint\",\"urlTemplate\":\"https:\\\/\\\/mks-bauelemente.de\\\/?s={search_term_string}\"},\"query-input\":{\"@type\":\"PropertyValueSpecification\",\"valueRequired\":true,\"valueName\":\"search_term_string\"}}],\"inLanguage\":\"de\"}]}<\/script>\n<!-- \/ Yoast SEO plugin. -->","yoast_head_json":{"title":"\u00dcber unser Unternehmen \u25b7 mks Bauelemente aus Neum\u00fcnster","description":"mks Bauelemente f\u00fcr herausragende und individuell anpassbare Qualit\u00e4t im Bereich Bauelemente \u2728 Treppen, Tore, Z\u00e4une, Sonnenschutz und mehr \u260e\ufe0f Jetzt kontaktieren","robots":{"index":"index","follow":"follow","max-snippet":"max-snippet:-1","max-image-preview":"max-image-preview:large","max-video-preview":"max-video-preview:-1"},"canonical":"https:\/\/mks-bauelemente.de\/?page_id=47","og_locale":"de_DE","og_type":"article","og_title":"\u00dcber unser Unternehmen \u25b7 mks Bauelemente aus Neum\u00fcnster","og_description":"mks Bauelemente f\u00fcr herausragende und individuell anpassbare Qualit\u00e4t im Bereich Bauelemente \u2728 Treppen, Tore, Z\u00e4une, Sonnenschutz und mehr \u260e\ufe0f Jetzt kontaktieren","og_url":"https:\/\/mks-bauelemente.de\/?page_id=47","og_site_name":"mks Bauelemente aus Neum\u00fcnster","article_modified_time":"2023-10-05T21:18:24+00:00","twitter_card":"summary_large_image","twitter_misc":{"Gesch\u00e4tzte Lesezeit":"3\u00a0Minuten"},"schema":{"@context":"https:\/\/schema.org","@graph":[{"@type":"WebPage","@id":"https:\/\/mks-bauelemente.de\/?page_id=47","url":"https:\/\/mks-bauelemente.de\/?page_id=47","name":"\u00dcber unser Unternehmen \u25b7 mks Bauelemente aus Neum\u00fcnster","isPartOf":{"@id":"https:\/\/mks-bauelemente.de\/#website"},"datePublished":"2023-04-09T21:00:47+00:00","dateModified":"2023-10-05T21:18:24+00:00","description":"mks Bauelemente f\u00fcr herausragende und individuell anpassbare Qualit\u00e4t im Bereich Bauelemente \u2728 Treppen, Tore, Z\u00e4une, Sonnenschutz und mehr \u260e\ufe0f Jetzt kontaktieren","breadcrumb":{"@id":"https:\/\/mks-bauelemente.de\/?page_id=47#breadcrumb"},"inLanguage":"de","potentialAction":[{"@type":"ReadAction","target":["https:\/\/mks-bauelemente.de\/?page_id=47"]}]},{"@type":"BreadcrumbList","@id":"https:\/\/mks-bauelemente.de\/?page_id=47#breadcrumb","itemListElement":[{"@type":"ListItem","position":1,"name":"Startseite","item":"https:\/\/mks-bauelemente.de\/"},{"@type":"ListItem","position":2,"name":"\u00dcber uns"}]},{"@type":"WebSite","@id":"https:\/\/mks-bauelemente.de\/#website","url":"https:\/\/mks-bauelemente.de\/","name":"mks Bauelemente aus Neum\u00fcnster","description":"Treppen, Gel\u00e4nder, T\u00fcren, Tore, Z\u00e4une und mehr","potentialAction":[{"@type":"SearchAction","target":{"@type":"EntryPoint","urlTemplate":"https:\/\/mks-bauelemente.de\/?s={search_term_string}"},"query-input":{"@type":"PropertyValueSpecification","valueRequired":true,"valueName":"search_term_string"}}],"inLanguage":"de"}]}},"_links":{"self":[{"href":"https:\/\/mks-bauelemente.de\/index.php?rest_route=\/wp\/v2\/pages\/47","targetHints":{"allow":["GET"]}}],"collection":[{"href":"https:\/\/mks-bauelemente.de\/index.php?rest_route=\/wp\/v2\/pages"}],"about":[{"href":"https:\/\/mks-bauelemente.de\/index.php?rest_route=\/wp\/v2\/types\/page"}],"author":[{"embeddable":true,"href":"https:\/\/mks-bauelemente.de\/index.php?rest_route=\/wp\/v2\/users\/2"}],"replies":[{"embeddable":true,"href":"https:\/\/mks-bauelemente.de\/index.php?rest_route=%2Fwp%2Fv2%2Fcomments&post=47"}],"version-history":[{"count":5,"href":"https:\/\/mks-bauelemente.de\/index.php?rest_route=\/wp\/v2\/pages\/47\/revisions"}],"predecessor-version":[{"id":560,"href":"https:\/\/mks-bauelemente.de\/index.php?rest_route=\/wp\/v2\/pages\/47\/revisions\/560"}],"wp:attachment":[{"href":"https:\/\/mks-bauelemente.de\/index.php?rest_route=%2Fwp%2Fv2%2Fmedia&parent=47"}],"curies":[{"name":"wp","href":"https:\/\/api.w.org\/{rel}","templated":true}]}}