{"id":115,"date":"2023-05-09T00:11:21","date_gmt":"2023-05-08T22:11:21","guid":{"rendered":"https:\/\/mks-bauelemente.de\/?page_id=115"},"modified":"2023-10-06T10:31:51","modified_gmt":"2023-10-06T08:31:51","slug":"sonnenschutzsysteme","status":"publish","type":"page","link":"https:\/\/mks-bauelemente.de\/?page_id=115","title":{"rendered":"&#8211; Sonnenschutzsysteme"},"content":{"rendered":"<p>[et_pb_section fb_built=&#8220;1&#8243; disabled_on=&#8220;off|off|off&#8220; _builder_version=&#8220;4.20.4&#8243; _module_preset=&#8220;default&#8220; height=&#8220;75vh&#8220; height_tablet=&#8220;75vh&#8220; height_phone=&#8220;&#8220; height_last_edited=&#8220;on|phone&#8220; custom_padding=&#8220;0px||0px||false|false&#8220; box_shadow_style=&#8220;preset1&#8243; global_colors_info=&#8220;{}&#8220;][et_pb_row column_structure=&#8220;1_3,2_3&#8243; use_custom_gutter=&#8220;on&#8220; gutter_width=&#8220;1&#8243; make_equal=&#8220;on&#8220; _builder_version=&#8220;4.20.4&#8243; _module_preset=&#8220;default&#8220; background_color=&#8220;#FFFFFF&#8220; width=&#8220;100%&#8220; max_width=&#8220;100%&#8220; min_height=&#8220;75vh&#8220; min_height_tablet=&#8220;75vh&#8220; min_height_phone=&#8220;250px&#8220; min_height_last_edited=&#8220;on|phone&#8220; custom_padding=&#8220;0px||0px||false|false&#8220; border_width_bottom=&#8220;4px&#8220; border_color_bottom=&#8220;#1CAADC&#8220; global_colors_info=&#8220;{}&#8220;][et_pb_column type=&#8220;1_3&#8243; _builder_version=&#8220;4.16&#8243; _module_preset=&#8220;default&#8220; custom_padding=&#8220;||||false|false&#8220; global_colors_info=&#8220;{}&#8220;][et_pb_text _builder_version=&#8220;4.20.4&#8243; _module_preset=&#8220;default&#8220; header_font=&#8220;|800|||||||&#8220; header_font_size=&#8220;45px&#8220; header_line_height=&#8220;1.2em&#8220; positioning=&#8220;absolute&#8220; position_origin_a=&#8220;center_left&#8220; position_origin_a_tablet=&#8220;center_left&#8220; position_origin_a_phone=&#8220;center_left&#8220; position_origin_a_last_edited=&#8220;on|phone&#8220; position_origin_f_tablet=&#8220;&#8220; position_origin_f_phone=&#8220;&#8220; position_origin_f_last_edited=&#8220;on|phone&#8220; position_origin_r_tablet=&#8220;&#8220; position_origin_r_phone=&#8220;&#8220; position_origin_r_last_edited=&#8220;on|phone&#8220; width=&#8220;100%&#8220; custom_margin=&#8220;||||false|false&#8220; custom_padding=&#8220;15%|15%|15%|15%|false|false&#8220; custom_padding_tablet=&#8220;15%|15%|15%|15%|false|false&#8220; custom_padding_phone=&#8220;35px|35px|35px|35px|false|false&#8220; custom_padding_last_edited=&#8220;on|phone&#8220; hover_enabled=&#8220;0&#8243; header_font_size_tablet=&#8220;45px&#8220; header_font_size_phone=&#8220;35px&#8220; header_font_size_last_edited=&#8220;on|phone&#8220; positioning_tablet=&#8220;absolute&#8220; positioning_phone=&#8220;none&#8220; positioning_last_edited=&#8220;on|phone&#8220; global_colors_info=&#8220;{}&#8220; sticky_enabled=&#8220;0&#8243;]<\/p>\n<h1><span style=\"text-decoration: underline; text-decoration-color: #1CAADC;\">Sonnenschutz\u00adsysteme von mks Bauelemente<\/span><\/h1>\n<p>Durch Markisen und Lamellend\u00e4cher von unserem Partner Nova H\u00fcppe bieten wir Ihnen exzellenten und zuverl\u00e4ssigen Sonnenschutz, den Sie nach Bedarf zu Ihrem Vorteil einsetzen k\u00f6nnen. Schatten im Sommer, ob zum Entspannen oder in gr\u00f6\u00dferen Formaten f\u00fcr Feste und Feiern ist ein Luxus, den Sie sich leisten d\u00fcrfen&#8230;<\/p>\n<p>[\/et_pb_text][\/et_pb_column][et_pb_column type=&#8220;2_3&#8243; _builder_version=&#8220;4.16&#8243; _module_preset=&#8220;default&#8220; background_enable_image=&#8220;off&#8220; global_colors_info=&#8220;{}&#8220;][et_pb_slider _builder_version=&#8220;4.20.4&#8243; _module_preset=&#8220;default&#8220; min_height=&#8220;75vh&#8220; min_height_tablet=&#8220;75vh&#8220; min_height_phone=&#8220;250px&#8220; min_height_last_edited=&#8220;on|phone&#8220; custom_margin=&#8220;0px|0px|0px|0px|false|false&#8220; custom_padding=&#8220;0px|0px|0px|0px|false|false&#8220; auto=&#8220;on&#8220; auto_speed=&#8220;5000&#8243; auto_ignore_hover=&#8220;on&#8220; global_colors_info=&#8220;{}&#8220;][et_pb_slide _builder_version=&#8220;4.20.4&#8243; _module_preset=&#8220;default&#8220; background_enable_color=&#8220;off&#8220; background_image=&#8220;https:\/\/mks-bauelemente.de\/wp-content\/uploads\/2023\/10\/sonnenschutzsysteme-header.jpg&#8220; background_enable_image=&#8220;on&#8220; global_colors_info=&#8220;{}&#8220; sticky_transition=&#8220;on&#8220;][\/et_pb_slide][\/et_pb_slider][\/et_pb_column][\/et_pb_row][\/et_pb_section][et_pb_section fb_built=&#8220;1&#8243; custom_padding_last_edited=&#8220;on|phone&#8220; _builder_version=&#8220;4.20.4&#8243; _module_preset=&#8220;default&#8220; custom_padding_tablet=&#8220;&#8220; custom_padding_phone=&#8220;||0px||false|false&#8220; global_colors_info=&#8220;{}&#8220;][et_pb_row column_structure=&#8220;1_3,1_3,1_3&#8243; use_custom_gutter=&#8220;on&#8220; gutter_width=&#8220;2&#8243; make_equal=&#8220;on&#8220; _builder_version=&#8220;4.20.4&#8243; _module_preset=&#8220;default&#8220; custom_padding=&#8220;0px||||false|false&#8220; global_colors_info=&#8220;{}&#8220;][et_pb_column type=&#8220;1_3&#8243; _builder_version=&#8220;4.20.4&#8243; _module_preset=&#8220;default&#8220; box_shadow_style=&#8220;preset1&#8243; global_colors_info=&#8220;{}&#8220;][et_pb_image src=&#8220;https:\/\/mks-bauelemente.de\/wp-content\/uploads\/2023\/10\/sonnenschutzsysteme01.jpg&#8220; title_text=&#8220;sonnenschutzsysteme01&#8243; _builder_version=&#8220;4.20.4&#8243; _module_preset=&#8220;default&#8220; global_colors_info=&#8220;{}&#8220;][\/et_pb_image][et_pb_text _builder_version=&#8220;4.20.4&#8243; _module_preset=&#8220;default&#8220; header_3_font=&#8220;|700|||||||&#8220; header_3_font_size=&#8220;25px&#8220; custom_padding=&#8220;15px|35px|35px|35px|false|false&#8220; global_colors_info=&#8220;{}&#8220;]So, dass es passt. Wir von mks Bauelemente nehmen alle Messungen f\u00fcr Sie vor und installieren die Markise oder das Lamellendach exakt so, dass es passt. Wir ber\u00fccksichtigen bei der Planung den m\u00f6glichen Sonnenstand, so dass wir ein gro\u00dfz\u00fcgiges Schattenfeld bei intensiver Sonnenstrahlung f\u00fcr Sie garantieren k\u00f6nnen.[\/et_pb_text][\/et_pb_column][et_pb_column type=&#8220;1_3&#8243; _builder_version=&#8220;4.20.4&#8243; _module_preset=&#8220;default&#8220; box_shadow_style=&#8220;preset1&#8243; global_colors_info=&#8220;{}&#8220;][et_pb_image src=&#8220;https:\/\/mks-bauelemente.de\/wp-content\/uploads\/2023\/10\/sonnenschutzsysteme02.jpg&#8220; title_text=&#8220;sonnenschutzsysteme02&#8243; _builder_version=&#8220;4.20.4&#8243; _module_preset=&#8220;default&#8220; global_colors_info=&#8220;{}&#8220;][\/et_pb_image][et_pb_text _builder_version=&#8220;4.20.4&#8243; _module_preset=&#8220;default&#8220; header_3_font=&#8220;|700|||||||&#8220; header_3_font_size=&#8220;25px&#8220; custom_padding=&#8220;15px|35px|35px|35px|false|false&#8220; global_colors_info=&#8220;{}&#8220;]Technisch exzellent. Unser Partner Nova H\u00fcppe stellt nur Markisen exzellenter Stabilit\u00e4t her, die sich bei Sturm automatisch selbst einfahren k\u00f6nnen. Die Steuerung \u00fcbernehmen auf Wunsch Smart Home f\u00e4hige Steuerungen von Somfy, die Sie auch \u00fcber WLAN flexibel und auch mit Sprachsteuerung bedienen k\u00f6nnen.[\/et_pb_text][\/et_pb_column][et_pb_column type=&#8220;1_3&#8243; _builder_version=&#8220;4.20.4&#8243; _module_preset=&#8220;default&#8220; box_shadow_style=&#8220;preset1&#8243; global_colors_info=&#8220;{}&#8220;][et_pb_image src=&#8220;https:\/\/mks-bauelemente.de\/wp-content\/uploads\/2023\/10\/sonnenschutzsysteme03.jpg&#8220; title_text=&#8220;sonnenschutzsysteme03&#8243; _builder_version=&#8220;4.20.4&#8243; _module_preset=&#8220;default&#8220; global_colors_info=&#8220;{}&#8220;][\/et_pb_image][et_pb_text _builder_version=&#8220;4.20.4&#8243; _module_preset=&#8220;default&#8220; header_3_font=&#8220;|700|||||||&#8220; header_3_font_size=&#8220;25px&#8220; custom_padding=&#8220;15px|35px|35px|35px|false|false&#8220; global_colors_info=&#8220;{}&#8220;]<\/p>\n<p>Viele Einsatzm\u00f6glichkeiten. Ob auf Glasbauten, f\u00fcr Terrassen und Balkone, f\u00fcr Winterg\u00e4rten, Loungebereiche oder ganz einfach Fenster und Fassaden \u2013 f\u00fcr jeden Einsatz bieten wir zusammen mit Nova H\u00fcppe die passende Dimension, das passende Material, die passende Montage und viele wetterfeste Stoffe.<\/p>\n<p>[\/et_pb_text][\/et_pb_column][\/et_pb_row][et_pb_row column_structure=&#8220;1_3,1_3,1_3&#8243; use_custom_gutter=&#8220;on&#8220; gutter_width=&#8220;2&#8243; make_equal=&#8220;on&#8220; custom_padding_last_edited=&#8220;on|phone&#8220; _builder_version=&#8220;4.20.4&#8243; _module_preset=&#8220;default&#8220; custom_padding=&#8220;||0px||false|false&#8220; custom_padding_tablet=&#8220;||0px||false|false&#8220; custom_padding_phone=&#8220;0px||0px||false|false&#8220; global_colors_info=&#8220;{}&#8220;][et_pb_column type=&#8220;1_3&#8243; _builder_version=&#8220;4.20.4&#8243; _module_preset=&#8220;default&#8220; box_shadow_style=&#8220;preset1&#8243; global_colors_info=&#8220;{}&#8220;][et_pb_image src=&#8220;https:\/\/mks-bauelemente.de\/wp-content\/uploads\/2023\/10\/sonnenschutzsysteme04.jpg&#8220; title_text=&#8220;sonnenschutzsysteme04&#8243; _builder_version=&#8220;4.20.4&#8243; _module_preset=&#8220;default&#8220; global_colors_info=&#8220;{}&#8220;][\/et_pb_image][et_pb_text _builder_version=&#8220;4.20.4&#8243; _module_preset=&#8220;default&#8220; header_3_font=&#8220;|700|||||||&#8220; header_3_font_size=&#8220;25px&#8220; custom_padding=&#8220;15px|35px|35px|35px|false|false&#8220; global_colors_info=&#8220;{}&#8220;]Sonnenschutz und Blickfang. Markisen verzaubern die Terrasse nicht nur mit Schatten und bieten UV-Schutz, sie verstr\u00f6men bei richtiger Installation, die wir f\u00fcr Sie vornehmen, s\u00fcdl\u00e4ndisches Flair und eine entspannende Atmosph\u00e4re, in der Sie sich gelassen zur\u00fccklehnen k\u00f6nnen.[\/et_pb_text][\/et_pb_column][et_pb_column type=&#8220;1_3&#8243; _builder_version=&#8220;4.20.4&#8243; _module_preset=&#8220;default&#8220; global_colors_info=&#8220;{}&#8220;][\/et_pb_column][et_pb_column type=&#8220;1_3&#8243; _builder_version=&#8220;4.20.4&#8243; _module_preset=&#8220;default&#8220; global_colors_info=&#8220;{}&#8220;][\/et_pb_column][\/et_pb_row][\/et_pb_section]<\/p>\n","protected":false},"excerpt":{"rendered":"<p>Sonnenschutz\u00adsysteme von mks Bauelemente Durch Markisen und Lamellend\u00e4cher von unserem Partner Nova H\u00fcppe bieten wir Ihnen exzellenten und zuverl\u00e4ssigen Sonnenschutz, den Sie nach Bedarf zu Ihrem Vorteil einsetzen k\u00f6nnen. Schatten im Sommer, ob zum Entspannen oder in gr\u00f6\u00dferen Formaten f\u00fcr Feste und Feiern ist ein Luxus, den Sie sich leisten d\u00fcrfen&#8230;So, dass es passt. Wir [&hellip;]<\/p>\n","protected":false},"author":2,"featured_media":0,"parent":0,"menu_order":0,"comment_status":"closed","ping_status":"closed","template":"","meta":{"_et_pb_use_builder":"on","_et_pb_old_content":"","_et_gb_content_width":"","footnotes":""},"class_list":["post-115","page","type-page","status-publish","hentry"],"yoast_head":"<!-- This site is optimized with the Yoast SEO plugin v27.4 - https:\/\/yoast.com\/product\/yoast-seo-wordpress\/ -->\n<title>Sonnenschutz\u00adsysteme \u25b7 mks Bauelemente aus Neum\u00fcnster<\/title>\n<meta name=\"description\" content=\"Sonnenschutz\u00adsysteme von mks Bauelemente - zuverl\u00e4ssiger Sonnenschutz, den Sie nach Bedarf zu Ihrem Vorteil einsetzen k\u00f6nnen \u260e\ufe0f Jetzt kontaktieren!\" \/>\n<meta name=\"robots\" content=\"index, follow, max-snippet:-1, max-image-preview:large, max-video-preview:-1\" \/>\n<link rel=\"canonical\" href=\"https:\/\/mks-bauelemente.de\/?page_id=115\" \/>\n<meta property=\"og:locale\" content=\"de_DE\" \/>\n<meta property=\"og:type\" content=\"article\" \/>\n<meta property=\"og:title\" content=\"Sonnenschutz\u00adsysteme \u25b7 mks Bauelemente aus Neum\u00fcnster\" \/>\n<meta property=\"og:description\" content=\"Sonnenschutz\u00adsysteme von mks Bauelemente - zuverl\u00e4ssiger Sonnenschutz, den Sie nach Bedarf zu Ihrem Vorteil einsetzen k\u00f6nnen \u260e\ufe0f Jetzt kontaktieren!\" \/>\n<meta property=\"og:url\" content=\"https:\/\/mks-bauelemente.de\/?page_id=115\" \/>\n<meta property=\"og:site_name\" content=\"mks Bauelemente aus Neum\u00fcnster\" \/>\n<meta property=\"article:modified_time\" content=\"2023-10-06T08:31:51+00:00\" \/>\n<meta name=\"twitter:card\" content=\"summary_large_image\" \/>\n<meta name=\"twitter:label1\" content=\"Gesch\u00e4tzte Lesezeit\" \/>\n\t<meta name=\"twitter:data1\" content=\"3\u00a0Minuten\" \/>\n<script type=\"application\/ld+json\" class=\"yoast-schema-graph\">{\"@context\":\"https:\\\/\\\/schema.org\",\"@graph\":[{\"@type\":\"WebPage\",\"@id\":\"https:\\\/\\\/mks-bauelemente.de\\\/?page_id=115\",\"url\":\"https:\\\/\\\/mks-bauelemente.de\\\/?page_id=115\",\"name\":\"Sonnenschutz\u00adsysteme \u25b7 mks Bauelemente aus Neum\u00fcnster\",\"isPartOf\":{\"@id\":\"https:\\\/\\\/mks-bauelemente.de\\\/#website\"},\"datePublished\":\"2023-05-08T22:11:21+00:00\",\"dateModified\":\"2023-10-06T08:31:51+00:00\",\"description\":\"Sonnenschutz\u00adsysteme von mks Bauelemente - zuverl\u00e4ssiger Sonnenschutz, den Sie nach Bedarf zu Ihrem Vorteil einsetzen k\u00f6nnen \u260e\ufe0f Jetzt kontaktieren!\",\"breadcrumb\":{\"@id\":\"https:\\\/\\\/mks-bauelemente.de\\\/?page_id=115#breadcrumb\"},\"inLanguage\":\"de\",\"potentialAction\":[{\"@type\":\"ReadAction\",\"target\":[\"https:\\\/\\\/mks-bauelemente.de\\\/?page_id=115\"]}]},{\"@type\":\"BreadcrumbList\",\"@id\":\"https:\\\/\\\/mks-bauelemente.de\\\/?page_id=115#breadcrumb\",\"itemListElement\":[{\"@type\":\"ListItem\",\"position\":1,\"name\":\"Startseite\",\"item\":\"https:\\\/\\\/mks-bauelemente.de\\\/\"},{\"@type\":\"ListItem\",\"position\":2,\"name\":\"&#8211; Sonnenschutzsysteme\"}]},{\"@type\":\"WebSite\",\"@id\":\"https:\\\/\\\/mks-bauelemente.de\\\/#website\",\"url\":\"https:\\\/\\\/mks-bauelemente.de\\\/\",\"name\":\"mks Bauelemente aus Neum\u00fcnster\",\"description\":\"Treppen, Gel\u00e4nder, T\u00fcren, Tore, Z\u00e4une und mehr\",\"potentialAction\":[{\"@type\":\"SearchAction\",\"target\":{\"@type\":\"EntryPoint\",\"urlTemplate\":\"https:\\\/\\\/mks-bauelemente.de\\\/?s={search_term_string}\"},\"query-input\":{\"@type\":\"PropertyValueSpecification\",\"valueRequired\":true,\"valueName\":\"search_term_string\"}}],\"inLanguage\":\"de\"}]}<\/script>\n<!-- \/ Yoast SEO plugin. -->","yoast_head_json":{"title":"Sonnenschutz\u00adsysteme \u25b7 mks Bauelemente aus Neum\u00fcnster","description":"Sonnenschutz\u00adsysteme von mks Bauelemente - zuverl\u00e4ssiger Sonnenschutz, den Sie nach Bedarf zu Ihrem Vorteil einsetzen k\u00f6nnen \u260e\ufe0f Jetzt kontaktieren!","robots":{"index":"index","follow":"follow","max-snippet":"max-snippet:-1","max-image-preview":"max-image-preview:large","max-video-preview":"max-video-preview:-1"},"canonical":"https:\/\/mks-bauelemente.de\/?page_id=115","og_locale":"de_DE","og_type":"article","og_title":"Sonnenschutz\u00adsysteme \u25b7 mks Bauelemente aus Neum\u00fcnster","og_description":"Sonnenschutz\u00adsysteme von mks Bauelemente - zuverl\u00e4ssiger Sonnenschutz, den Sie nach Bedarf zu Ihrem Vorteil einsetzen k\u00f6nnen \u260e\ufe0f Jetzt kontaktieren!","og_url":"https:\/\/mks-bauelemente.de\/?page_id=115","og_site_name":"mks Bauelemente aus Neum\u00fcnster","article_modified_time":"2023-10-06T08:31:51+00:00","twitter_card":"summary_large_image","twitter_misc":{"Gesch\u00e4tzte Lesezeit":"3\u00a0Minuten"},"schema":{"@context":"https:\/\/schema.org","@graph":[{"@type":"WebPage","@id":"https:\/\/mks-bauelemente.de\/?page_id=115","url":"https:\/\/mks-bauelemente.de\/?page_id=115","name":"Sonnenschutz\u00adsysteme \u25b7 mks Bauelemente aus Neum\u00fcnster","isPartOf":{"@id":"https:\/\/mks-bauelemente.de\/#website"},"datePublished":"2023-05-08T22:11:21+00:00","dateModified":"2023-10-06T08:31:51+00:00","description":"Sonnenschutz\u00adsysteme von mks Bauelemente - zuverl\u00e4ssiger Sonnenschutz, den Sie nach Bedarf zu Ihrem Vorteil einsetzen k\u00f6nnen \u260e\ufe0f Jetzt kontaktieren!","breadcrumb":{"@id":"https:\/\/mks-bauelemente.de\/?page_id=115#breadcrumb"},"inLanguage":"de","potentialAction":[{"@type":"ReadAction","target":["https:\/\/mks-bauelemente.de\/?page_id=115"]}]},{"@type":"BreadcrumbList","@id":"https:\/\/mks-bauelemente.de\/?page_id=115#breadcrumb","itemListElement":[{"@type":"ListItem","position":1,"name":"Startseite","item":"https:\/\/mks-bauelemente.de\/"},{"@type":"ListItem","position":2,"name":"&#8211; Sonnenschutzsysteme"}]},{"@type":"WebSite","@id":"https:\/\/mks-bauelemente.de\/#website","url":"https:\/\/mks-bauelemente.de\/","name":"mks Bauelemente aus Neum\u00fcnster","description":"Treppen, Gel\u00e4nder, T\u00fcren, Tore, Z\u00e4une und mehr","potentialAction":[{"@type":"SearchAction","target":{"@type":"EntryPoint","urlTemplate":"https:\/\/mks-bauelemente.de\/?s={search_term_string}"},"query-input":{"@type":"PropertyValueSpecification","valueRequired":true,"valueName":"search_term_string"}}],"inLanguage":"de"}]}},"_links":{"self":[{"href":"https:\/\/mks-bauelemente.de\/index.php?rest_route=\/wp\/v2\/pages\/115","targetHints":{"allow":["GET"]}}],"collection":[{"href":"https:\/\/mks-bauelemente.de\/index.php?rest_route=\/wp\/v2\/pages"}],"about":[{"href":"https:\/\/mks-bauelemente.de\/index.php?rest_route=\/wp\/v2\/types\/page"}],"author":[{"embeddable":true,"href":"https:\/\/mks-bauelemente.de\/index.php?rest_route=\/wp\/v2\/users\/2"}],"replies":[{"embeddable":true,"href":"https:\/\/mks-bauelemente.de\/index.php?rest_route=%2Fwp%2Fv2%2Fcomments&post=115"}],"version-history":[{"count":5,"href":"https:\/\/mks-bauelemente.de\/index.php?rest_route=\/wp\/v2\/pages\/115\/revisions"}],"predecessor-version":[{"id":569,"href":"https:\/\/mks-bauelemente.de\/index.php?rest_route=\/wp\/v2\/pages\/115\/revisions\/569"}],"wp:attachment":[{"href":"https:\/\/mks-bauelemente.de\/index.php?rest_route=%2Fwp%2Fv2%2Fmedia&parent=115"}],"curies":[{"name":"wp","href":"https:\/\/api.w.org\/{rel}","templated":true}]}}