{"id":111,"date":"2023-05-09T00:10:48","date_gmt":"2023-05-08T22:10:48","guid":{"rendered":"https:\/\/mks-bauelemente.de\/?page_id=111"},"modified":"2023-10-06T10:29:10","modified_gmt":"2023-10-06T08:29:10","slug":"tore-und-zaeune","status":"publish","type":"page","link":"https:\/\/mks-bauelemente.de\/?page_id=111","title":{"rendered":"&#8211; Tore und Z\u00e4une"},"content":{"rendered":"\n[et_pb_section fb_built=&#8220;1&#8243; disabled_on=&#8220;off|off|off&#8220; _builder_version=&#8220;4.20.4&#8243; _module_preset=&#8220;default&#8220; height=&#8220;75vh&#8220; height_tablet=&#8220;75vh&#8220; height_phone=&#8220;&#8220; height_last_edited=&#8220;on|phone&#8220; custom_padding=&#8220;0px||0px||false|false&#8220; box_shadow_style=&#8220;preset1&#8243; global_colors_info=&#8220;{}&#8220;][et_pb_row column_structure=&#8220;1_3,2_3&#8243; use_custom_gutter=&#8220;on&#8220; gutter_width=&#8220;1&#8243; make_equal=&#8220;on&#8220; _builder_version=&#8220;4.20.4&#8243; _module_preset=&#8220;default&#8220; background_color=&#8220;#FFFFFF&#8220; width=&#8220;100%&#8220; max_width=&#8220;100%&#8220; min_height=&#8220;75vh&#8220; min_height_tablet=&#8220;75vh&#8220; min_height_phone=&#8220;250px&#8220; min_height_last_edited=&#8220;on|phone&#8220; custom_padding=&#8220;0px||0px||false|false&#8220; border_width_bottom=&#8220;4px&#8220; border_color_bottom=&#8220;#1CAADC&#8220; global_colors_info=&#8220;{}&#8220;][et_pb_column type=&#8220;1_3&#8243; _builder_version=&#8220;4.16&#8243; _module_preset=&#8220;default&#8220; custom_padding=&#8220;||||false|false&#8220; global_colors_info=&#8220;{}&#8220;][et_pb_text _builder_version=&#8220;4.20.4&#8243; _module_preset=&#8220;default&#8220; header_font=&#8220;|800|||||||&#8220; header_font_size=&#8220;45px&#8220; header_line_height=&#8220;1.2em&#8220; positioning=&#8220;absolute&#8220; position_origin_a=&#8220;center_left&#8220; position_origin_a_tablet=&#8220;center_left&#8220; position_origin_a_phone=&#8220;center_left&#8220; position_origin_a_last_edited=&#8220;on|phone&#8220; position_origin_f_tablet=&#8220;&#8220; position_origin_f_phone=&#8220;&#8220; position_origin_f_last_edited=&#8220;on|phone&#8220; position_origin_r_tablet=&#8220;&#8220; position_origin_r_phone=&#8220;&#8220; position_origin_r_last_edited=&#8220;on|phone&#8220; width=&#8220;100%&#8220; custom_margin=&#8220;||||false|false&#8220; custom_padding=&#8220;15%|15%|15%|15%|false|false&#8220; custom_padding_tablet=&#8220;15%|15%|15%|15%|false|false&#8220; custom_padding_phone=&#8220;35px|35px|35px|35px|false|false&#8220; custom_padding_last_edited=&#8220;on|phone&#8220; header_font_size_tablet=&#8220;45px&#8220; header_font_size_phone=&#8220;35px&#8220; header_font_size_last_edited=&#8220;on|phone&#8220; positioning_tablet=&#8220;absolute&#8220; positioning_phone=&#8220;none&#8220; positioning_last_edited=&#8220;on|phone&#8220; global_colors_info=&#8220;{}&#8220;]<h1><span style=\"text-decoration: underline; text-decoration-color: #1CAADC;\">Tore und Z\u00e4une von mks Bauelemente<\/span><\/h1>\n<p>Solide und repr\u00e4sentative Z\u00e4une mit modernen Schiebetoren oder beeindruckenden Zweifl\u00fcgeltoren und Pforten von Wisniowski sind eine robuste Augenweide f\u00fcr Ihr Zuhause. Wir von mks Bauelemente in Neum\u00fcnster k\u00f6nnen Ihnen dazu eine perfekte Installation mit Vorschau anbieten.<\/p>[\/et_pb_text][\/et_pb_column][et_pb_column type=&#8220;2_3&#8243; _builder_version=&#8220;4.16&#8243; _module_preset=&#8220;default&#8220; background_enable_image=&#8220;off&#8220; global_colors_info=&#8220;{}&#8220;][et_pb_slider _builder_version=&#8220;4.20.4&#8243; _module_preset=&#8220;default&#8220; min_height=&#8220;75vh&#8220; min_height_tablet=&#8220;75vh&#8220; min_height_phone=&#8220;250px&#8220; min_height_last_edited=&#8220;on|phone&#8220; custom_margin=&#8220;0px|0px|0px|0px|false|false&#8220; custom_padding=&#8220;0px|0px|0px|0px|false|false&#8220; auto=&#8220;on&#8220; auto_speed=&#8220;5000&#8243; auto_ignore_hover=&#8220;on&#8220; global_colors_info=&#8220;{}&#8220;][et_pb_slide _builder_version=&#8220;4.20.4&#8243; _module_preset=&#8220;default&#8220; background_enable_color=&#8220;off&#8220; background_image=&#8220;https:\/\/mks-bauelemente.de\/wp-content\/uploads\/2023\/05\/leistungen-zaeune-header.jpg&#8220; background_enable_image=&#8220;on&#8220; global_colors_info=&#8220;{}&#8220; sticky_transition=&#8220;on&#8220;][\/et_pb_slide][\/et_pb_slider][\/et_pb_column][\/et_pb_row][\/et_pb_section][et_pb_section fb_built=&#8220;1&#8243; custom_padding_last_edited=&#8220;on|phone&#8220; _builder_version=&#8220;4.20.4&#8243; _module_preset=&#8220;default&#8220; custom_padding_tablet=&#8220;&#8220; custom_padding_phone=&#8220;||0px||false|false&#8220; hover_enabled=&#8220;0&#8243; global_colors_info=&#8220;{}&#8220; sticky_enabled=&#8220;0&#8243;][et_pb_row column_structure=&#8220;1_3,1_3,1_3&#8243; use_custom_gutter=&#8220;on&#8220; gutter_width=&#8220;2&#8243; make_equal=&#8220;on&#8220; _builder_version=&#8220;4.20.4&#8243; _module_preset=&#8220;default&#8220; custom_padding=&#8220;0px||0px||false|false&#8220; global_colors_info=&#8220;{}&#8220;][et_pb_column type=&#8220;1_3&#8243; _builder_version=&#8220;4.20.4&#8243; _module_preset=&#8220;default&#8220; box_shadow_style=&#8220;preset1&#8243; global_colors_info=&#8220;{}&#8220;][et_pb_image src=&#8220;https:\/\/mks-bauelemente.de\/wp-content\/uploads\/2023\/05\/leistungen-zaeune01.jpg&#8220; title_text=&#8220;leistungen-zaeune01&#8243; _builder_version=&#8220;4.20.4&#8243; _module_preset=&#8220;default&#8220; global_colors_info=&#8220;{}&#8220;][\/et_pb_image][et_pb_text _builder_version=&#8220;4.20.4&#8243; _module_preset=&#8220;default&#8220; header_3_font=&#8220;|700|||||||&#8220; header_3_font_size=&#8220;25px&#8220; custom_padding=&#8220;15px|35px|35px|35px|false|false&#8220; global_colors_info=&#8220;{}&#8220;]Z\u00e4une mit System. Dank den \u00fcberzeugenden Systemz\u00e4unen in vielen verschiedenen Designs, die Sicherheit, gutes Aussehen und auf Wunsch auch Sichtschutz bieten, k\u00f6nnen wir Ihnen mit Hilfe der AW Planungssoftware bereits vor Installation den neuen Look Ihres Grundst\u00fccks mit Zaun pr\u00e4sentieren und an Ihre W\u00fcnsche anpassen \u2013 die Ergebnisse Ihrer Planung k\u00f6nnen Sie sogar zur Anmeldung des Zauns verwenden.[\/et_pb_text][\/et_pb_column][et_pb_column type=&#8220;1_3&#8243; _builder_version=&#8220;4.20.4&#8243; _module_preset=&#8220;default&#8220; box_shadow_style=&#8220;preset1&#8243; global_colors_info=&#8220;{}&#8220;][et_pb_image src=&#8220;https:\/\/mks-bauelemente.de\/wp-content\/uploads\/2023\/05\/leistungen-zaeune02.jpg&#8220; title_text=&#8220;leistungen-zaeune02&#8243; _builder_version=&#8220;4.20.4&#8243; _module_preset=&#8220;default&#8220; global_colors_info=&#8220;{}&#8220;][\/et_pb_image][et_pb_text _builder_version=&#8220;4.20.4&#8243; _module_preset=&#8220;default&#8220; header_3_font=&#8220;|700|||||||&#8220; header_3_font_size=&#8220;25px&#8220; custom_padding=&#8220;15px|35px|35px|35px|false|false&#8220; global_colors_info=&#8220;{}&#8220;]Viele M\u00f6glichkeiten. Systemz\u00e4une und Zaunfelder Z\u00e4une sind in vielen Modellen und Farben erh\u00e4ltlich und mit den Wisniowski-Toren kombinierbar. Die praktischen und soliden Multiboxen von Wisniowski erm\u00f6glichen dazu verschiedene Briefeinw\u00fcrfe, Paketeinw\u00fcrfe, moderne LED-Beleuchtung, Gegensprechanlage und sogar einen Codeleser. Eine solide Wahl.[\/et_pb_text][\/et_pb_column][et_pb_column type=&#8220;1_3&#8243; _builder_version=&#8220;4.20.4&#8243; _module_preset=&#8220;default&#8220; box_shadow_style=&#8220;preset1&#8243; global_colors_info=&#8220;{}&#8220;][et_pb_image src=&#8220;https:\/\/mks-bauelemente.de\/wp-content\/uploads\/2023\/05\/leistungen-zaeune03.jpg&#8220; title_text=&#8220;leistungen-zaeune03&#8243; _builder_version=&#8220;4.20.4&#8243; _module_preset=&#8220;default&#8220; global_colors_info=&#8220;{}&#8220;][\/et_pb_image][et_pb_text _builder_version=&#8220;4.20.4&#8243; _module_preset=&#8220;default&#8220; header_3_font=&#8220;|700|||||||&#8220; header_3_font_size=&#8220;25px&#8220; custom_padding=&#8220;15px|35px|35px|35px|false|false&#8220; global_colors_info=&#8220;{}&#8220;]<p>Best\u00e4ndig. Wisniowski Z\u00e4une und Tore haben eine lange Lebensdauer. Durch vorherige chemische Reinigung und das Eintauchen in fl\u00fcssigen Zink k\u00f6nnen Verzinkung und Pulverlackierung besonders wirkungsvoll durchgef\u00fchrt werden \u2013 das ist das sogenannte Feuerverzinken oder die Schmelztauchverzinkung, die das Metall besonders gleichm\u00e4\u00dfig und zuverl\u00e4ssig mit Zink \u00fcberziehen. Die Verwendung einer wetterfesten Beschichtung oder Pulverbeschichtung f\u00fcgt eine weitere farbige Schutzschicht hinzu.<\/p>[\/et_pb_text][\/et_pb_column][\/et_pb_row][et_pb_row column_structure=&#8220;1_3,1_3,1_3&#8243; use_custom_gutter=&#8220;on&#8220; gutter_width=&#8220;2&#8243; make_equal=&#8220;on&#8220; _builder_version=&#8220;4.20.4&#8243; _module_preset=&#8220;default&#8220; custom_padding=&#8220;||0px||false|false&#8220; global_colors_info=&#8220;{}&#8220;][et_pb_column type=&#8220;1_3&#8243; _builder_version=&#8220;4.20.4&#8243; _module_preset=&#8220;default&#8220; box_shadow_style=&#8220;preset1&#8243; global_colors_info=&#8220;{}&#8220;][et_pb_image src=&#8220;https:\/\/mks-bauelemente.de\/wp-content\/uploads\/2023\/05\/leistungen-zaeune04.jpg&#8220; title_text=&#8220;leistungen-zaeune04&#8243; _builder_version=&#8220;4.20.4&#8243; _module_preset=&#8220;default&#8220; global_colors_info=&#8220;{}&#8220;][\/et_pb_image][et_pb_text _builder_version=&#8220;4.20.4&#8243; _module_preset=&#8220;default&#8220; header_3_font=&#8220;|700|||||||&#8220; header_3_font_size=&#8220;25px&#8220; custom_padding=&#8220;15px|35px|35px|35px|false|false&#8220; global_colors_info=&#8220;{}&#8220;]Das passt einfach. Durch die gro\u00dfe Auswahl aus einer Hand erhalten Sie einheitliches, zeitgem\u00e4\u00dfes Aussehen und sichere Kombinierbarkeit f\u00fcr einen starken und zuverl\u00e4ssigen Blickfang f\u00fcr Ihre Immobilie.[\/et_pb_text][\/et_pb_column][et_pb_column type=&#8220;1_3&#8243; _builder_version=&#8220;4.20.4&#8243; _module_preset=&#8220;default&#8220; box_shadow_style=&#8220;preset1&#8243; global_colors_info=&#8220;{}&#8220;][et_pb_image src=&#8220;https:\/\/mks-bauelemente.de\/wp-content\/uploads\/2023\/05\/leistungen-tore04.jpg&#8220; title_text=&#8220;leistungen-tore04&#8243; _builder_version=&#8220;4.20.4&#8243; _module_preset=&#8220;default&#8220; global_colors_info=&#8220;{}&#8220;][\/et_pb_image][et_pb_text _builder_version=&#8220;4.20.4&#8243; _module_preset=&#8220;default&#8220; header_3_font=&#8220;|700|||||||&#8220; header_3_font_size=&#8220;25px&#8220; custom_padding=&#8220;15px|35px|35px|35px|false|false&#8220; global_colors_info=&#8220;{}&#8220;]Garantiert funktional. F\u00fcr jedes Wisniowski Tor gibt es je nach Typ eine erweiterte Garantie, die die Standardgarantie deutlich verl\u00e4ngert. Einzige Voraussetzung sind technische \u00dcberpr\u00fcfungen durch uns. So bleibt Ihr Tor zuverl\u00e4ssig in Bewegung.[\/et_pb_text][\/et_pb_column][et_pb_column type=&#8220;1_3&#8243; _builder_version=&#8220;4.20.4&#8243; _module_preset=&#8220;default&#8220; global_colors_info=&#8220;{}&#8220;][\/et_pb_column][\/et_pb_row][\/et_pb_section]\n","protected":false},"excerpt":{"rendered":"<p>Tore und Z\u00e4une von mks Bauelemente Solide und repr\u00e4sentative Z\u00e4une mit modernen Schiebetoren oder beeindruckenden Zweifl\u00fcgeltoren und Pforten von Wisniowski sind eine robuste Augenweide f\u00fcr Ihr Zuhause. Wir von mks Bauelemente in Neum\u00fcnster k\u00f6nnen Ihnen dazu eine perfekte Installation mit Vorschau anbieten.Z\u00e4une mit System. Dank den \u00fcberzeugenden Systemz\u00e4unen in vielen verschiedenen Designs, die Sicherheit, gutes [&hellip;]<\/p>\n","protected":false},"author":2,"featured_media":0,"parent":0,"menu_order":0,"comment_status":"closed","ping_status":"closed","template":"","meta":{"_et_pb_use_builder":"on","_et_pb_old_content":"","_et_gb_content_width":"","footnotes":""},"class_list":["post-111","page","type-page","status-publish","hentry"],"yoast_head":"<!-- This site is optimized with the Yoast SEO plugin v27.4 - https:\/\/yoast.com\/product\/yoast-seo-wordpress\/ -->\n<title>Tore und Z\u00e4une \u25b7 mks Bauelemente aus Neum\u00fcnster<\/title>\n<meta name=\"description\" content=\"Tore und Z\u00e4une von mks Bauelemente - Z\u00e4une mit modernen Schiebetoren oder beeindruckenden Zweifl\u00fcgeltoren und Pforten \u260e\ufe0f Jetzt kontaktieren!\" \/>\n<meta name=\"robots\" content=\"index, follow, max-snippet:-1, max-image-preview:large, max-video-preview:-1\" \/>\n<link rel=\"canonical\" href=\"https:\/\/mks-bauelemente.de\/?page_id=111\" \/>\n<meta property=\"og:locale\" content=\"de_DE\" \/>\n<meta property=\"og:type\" content=\"article\" \/>\n<meta property=\"og:title\" content=\"Tore und Z\u00e4une \u25b7 mks Bauelemente aus Neum\u00fcnster\" \/>\n<meta property=\"og:description\" content=\"Tore und Z\u00e4une von mks Bauelemente - Z\u00e4une mit modernen Schiebetoren oder beeindruckenden Zweifl\u00fcgeltoren und Pforten \u260e\ufe0f Jetzt kontaktieren!\" \/>\n<meta property=\"og:url\" content=\"https:\/\/mks-bauelemente.de\/?page_id=111\" \/>\n<meta property=\"og:site_name\" content=\"mks Bauelemente aus Neum\u00fcnster\" \/>\n<meta property=\"article:modified_time\" content=\"2023-10-06T08:29:10+00:00\" \/>\n<meta name=\"twitter:card\" content=\"summary_large_image\" \/>\n<meta name=\"twitter:label1\" content=\"Gesch\u00e4tzte Lesezeit\" \/>\n\t<meta name=\"twitter:data1\" content=\"3\u00a0Minuten\" \/>\n<script type=\"application\/ld+json\" class=\"yoast-schema-graph\">{\"@context\":\"https:\\\/\\\/schema.org\",\"@graph\":[{\"@type\":\"WebPage\",\"@id\":\"https:\\\/\\\/mks-bauelemente.de\\\/?page_id=111\",\"url\":\"https:\\\/\\\/mks-bauelemente.de\\\/?page_id=111\",\"name\":\"Tore und Z\u00e4une \u25b7 mks Bauelemente aus Neum\u00fcnster\",\"isPartOf\":{\"@id\":\"https:\\\/\\\/mks-bauelemente.de\\\/#website\"},\"datePublished\":\"2023-05-08T22:10:48+00:00\",\"dateModified\":\"2023-10-06T08:29:10+00:00\",\"description\":\"Tore und Z\u00e4une von mks Bauelemente - Z\u00e4une mit modernen Schiebetoren oder beeindruckenden Zweifl\u00fcgeltoren und Pforten \u260e\ufe0f Jetzt kontaktieren!\",\"breadcrumb\":{\"@id\":\"https:\\\/\\\/mks-bauelemente.de\\\/?page_id=111#breadcrumb\"},\"inLanguage\":\"de\",\"potentialAction\":[{\"@type\":\"ReadAction\",\"target\":[\"https:\\\/\\\/mks-bauelemente.de\\\/?page_id=111\"]}]},{\"@type\":\"BreadcrumbList\",\"@id\":\"https:\\\/\\\/mks-bauelemente.de\\\/?page_id=111#breadcrumb\",\"itemListElement\":[{\"@type\":\"ListItem\",\"position\":1,\"name\":\"Startseite\",\"item\":\"https:\\\/\\\/mks-bauelemente.de\\\/\"},{\"@type\":\"ListItem\",\"position\":2,\"name\":\"&#8211; Tore und Z\u00e4une\"}]},{\"@type\":\"WebSite\",\"@id\":\"https:\\\/\\\/mks-bauelemente.de\\\/#website\",\"url\":\"https:\\\/\\\/mks-bauelemente.de\\\/\",\"name\":\"mks Bauelemente aus Neum\u00fcnster\",\"description\":\"Treppen, Gel\u00e4nder, T\u00fcren, Tore, Z\u00e4une und mehr\",\"potentialAction\":[{\"@type\":\"SearchAction\",\"target\":{\"@type\":\"EntryPoint\",\"urlTemplate\":\"https:\\\/\\\/mks-bauelemente.de\\\/?s={search_term_string}\"},\"query-input\":{\"@type\":\"PropertyValueSpecification\",\"valueRequired\":true,\"valueName\":\"search_term_string\"}}],\"inLanguage\":\"de\"}]}<\/script>\n<!-- \/ Yoast SEO plugin. -->","yoast_head_json":{"title":"Tore und Z\u00e4une \u25b7 mks Bauelemente aus Neum\u00fcnster","description":"Tore und Z\u00e4une von mks Bauelemente - Z\u00e4une mit modernen Schiebetoren oder beeindruckenden Zweifl\u00fcgeltoren und Pforten \u260e\ufe0f Jetzt kontaktieren!","robots":{"index":"index","follow":"follow","max-snippet":"max-snippet:-1","max-image-preview":"max-image-preview:large","max-video-preview":"max-video-preview:-1"},"canonical":"https:\/\/mks-bauelemente.de\/?page_id=111","og_locale":"de_DE","og_type":"article","og_title":"Tore und Z\u00e4une \u25b7 mks Bauelemente aus Neum\u00fcnster","og_description":"Tore und Z\u00e4une von mks Bauelemente - Z\u00e4une mit modernen Schiebetoren oder beeindruckenden Zweifl\u00fcgeltoren und Pforten \u260e\ufe0f Jetzt kontaktieren!","og_url":"https:\/\/mks-bauelemente.de\/?page_id=111","og_site_name":"mks Bauelemente aus Neum\u00fcnster","article_modified_time":"2023-10-06T08:29:10+00:00","twitter_card":"summary_large_image","twitter_misc":{"Gesch\u00e4tzte Lesezeit":"3\u00a0Minuten"},"schema":{"@context":"https:\/\/schema.org","@graph":[{"@type":"WebPage","@id":"https:\/\/mks-bauelemente.de\/?page_id=111","url":"https:\/\/mks-bauelemente.de\/?page_id=111","name":"Tore und Z\u00e4une \u25b7 mks Bauelemente aus Neum\u00fcnster","isPartOf":{"@id":"https:\/\/mks-bauelemente.de\/#website"},"datePublished":"2023-05-08T22:10:48+00:00","dateModified":"2023-10-06T08:29:10+00:00","description":"Tore und Z\u00e4une von mks Bauelemente - Z\u00e4une mit modernen Schiebetoren oder beeindruckenden Zweifl\u00fcgeltoren und Pforten \u260e\ufe0f Jetzt kontaktieren!","breadcrumb":{"@id":"https:\/\/mks-bauelemente.de\/?page_id=111#breadcrumb"},"inLanguage":"de","potentialAction":[{"@type":"ReadAction","target":["https:\/\/mks-bauelemente.de\/?page_id=111"]}]},{"@type":"BreadcrumbList","@id":"https:\/\/mks-bauelemente.de\/?page_id=111#breadcrumb","itemListElement":[{"@type":"ListItem","position":1,"name":"Startseite","item":"https:\/\/mks-bauelemente.de\/"},{"@type":"ListItem","position":2,"name":"&#8211; Tore und Z\u00e4une"}]},{"@type":"WebSite","@id":"https:\/\/mks-bauelemente.de\/#website","url":"https:\/\/mks-bauelemente.de\/","name":"mks Bauelemente aus Neum\u00fcnster","description":"Treppen, Gel\u00e4nder, T\u00fcren, Tore, Z\u00e4une und mehr","potentialAction":[{"@type":"SearchAction","target":{"@type":"EntryPoint","urlTemplate":"https:\/\/mks-bauelemente.de\/?s={search_term_string}"},"query-input":{"@type":"PropertyValueSpecification","valueRequired":true,"valueName":"search_term_string"}}],"inLanguage":"de"}]}},"_links":{"self":[{"href":"https:\/\/mks-bauelemente.de\/index.php?rest_route=\/wp\/v2\/pages\/111","targetHints":{"allow":["GET"]}}],"collection":[{"href":"https:\/\/mks-bauelemente.de\/index.php?rest_route=\/wp\/v2\/pages"}],"about":[{"href":"https:\/\/mks-bauelemente.de\/index.php?rest_route=\/wp\/v2\/types\/page"}],"author":[{"embeddable":true,"href":"https:\/\/mks-bauelemente.de\/index.php?rest_route=\/wp\/v2\/users\/2"}],"replies":[{"embeddable":true,"href":"https:\/\/mks-bauelemente.de\/index.php?rest_route=%2Fwp%2Fv2%2Fcomments&post=111"}],"version-history":[{"count":5,"href":"https:\/\/mks-bauelemente.de\/index.php?rest_route=\/wp\/v2\/pages\/111\/revisions"}],"predecessor-version":[{"id":567,"href":"https:\/\/mks-bauelemente.de\/index.php?rest_route=\/wp\/v2\/pages\/111\/revisions\/567"}],"wp:attachment":[{"href":"https:\/\/mks-bauelemente.de\/index.php?rest_route=%2Fwp%2Fv2%2Fmedia&parent=111"}],"curies":[{"name":"wp","href":"https:\/\/api.w.org\/{rel}","templated":true}]}}