{"id":103,"date":"2023-05-09T00:09:52","date_gmt":"2023-05-08T22:09:52","guid":{"rendered":"https:\/\/mks-bauelemente.de\/?page_id=103"},"modified":"2023-10-08T23:36:03","modified_gmt":"2023-10-08T21:36:03","slug":"handlaeufe-und-treppengelaender","status":"publish","type":"page","link":"https:\/\/mks-bauelemente.de\/?page_id=103","title":{"rendered":"&#8211; Handl\u00e4ufe und Treppengel\u00e4nder"},"content":{"rendered":"<p>[et_pb_section fb_built=&#8220;1&#8243; disabled_on=&#8220;off|off|off&#8220; _builder_version=&#8220;4.20.4&#8243; _module_preset=&#8220;default&#8220; height=&#8220;75vh&#8220; height_tablet=&#8220;75vh&#8220; height_phone=&#8220;&#8220; height_last_edited=&#8220;on|phone&#8220; custom_padding=&#8220;0px||0px||false|false&#8220; hover_enabled=&#8220;0&#8243; border_color_bottom=&#8220;#1CAADC&#8220; box_shadow_style=&#8220;preset1&#8243; global_colors_info=&#8220;{}&#8220; sticky_enabled=&#8220;0&#8243;][et_pb_row column_structure=&#8220;1_3,2_3&#8243; use_custom_gutter=&#8220;on&#8220; gutter_width=&#8220;1&#8243; make_equal=&#8220;on&#8220; _builder_version=&#8220;4.20.4&#8243; _module_preset=&#8220;default&#8220; background_color=&#8220;#FFFFFF&#8220; width=&#8220;100%&#8220; max_width=&#8220;100%&#8220; min_height=&#8220;75vh&#8220; min_height_tablet=&#8220;75vh&#8220; min_height_phone=&#8220;100px&#8220; min_height_last_edited=&#8220;on|phone&#8220; custom_padding=&#8220;0px||0px||false|false&#8220; border_width_bottom=&#8220;4px&#8220; border_color_bottom=&#8220;#1CAADC&#8220; global_colors_info=&#8220;{}&#8220;][et_pb_column type=&#8220;1_3&#8243; _builder_version=&#8220;4.16&#8243; _module_preset=&#8220;default&#8220; custom_padding=&#8220;||||false|false&#8220; global_colors_info=&#8220;{}&#8220;][et_pb_text _builder_version=&#8220;4.20.4&#8243; _module_preset=&#8220;default&#8220; header_font=&#8220;|800|||||||&#8220; header_font_size=&#8220;45px&#8220; header_line_height=&#8220;1.2em&#8220; positioning=&#8220;absolute&#8220; position_origin_a=&#8220;center_left&#8220; position_origin_a_tablet=&#8220;center_left&#8220; position_origin_a_phone=&#8220;center_left&#8220; position_origin_a_last_edited=&#8220;on|phone&#8220; position_origin_f_tablet=&#8220;&#8220; position_origin_f_phone=&#8220;&#8220; position_origin_f_last_edited=&#8220;on|phone&#8220; position_origin_r_tablet=&#8220;&#8220; position_origin_r_phone=&#8220;&#8220; position_origin_r_last_edited=&#8220;on|phone&#8220; width=&#8220;100%&#8220; custom_margin=&#8220;||||false|false&#8220; custom_padding=&#8220;15%|15%|15%|15%|false|false&#8220; custom_padding_tablet=&#8220;15%|15%|15%|15%|false|false&#8220; custom_padding_phone=&#8220;35px|35px|35px|35px|false|false&#8220; custom_padding_last_edited=&#8220;on|phone&#8220; header_font_size_tablet=&#8220;45px&#8220; header_font_size_phone=&#8220;35px&#8220; header_font_size_last_edited=&#8220;on|phone&#8220; positioning_tablet=&#8220;absolute&#8220; positioning_phone=&#8220;none&#8220; positioning_last_edited=&#8220;on|phone&#8220; global_colors_info=&#8220;{}&#8220;]<\/p>\n<h1><span style=\"text-decoration: underline; text-decoration-color: #1CAADC;\">Gel\u00e4nder und Handl\u00e4ufe von mks Bauelemente<\/span><\/h1>\n<p>mks Bauelemente aus Neum\u00fcnster bietet Ihnen klassische Kenngott-Handl\u00e4ufe und -Gel\u00e4nder und individuelle Handl\u00e4ufe und Treppengel\u00e4nder aus Eigenproduktion. Sie bekommen genau das, was Sie sich w\u00fcnschen. Pr\u00e4zise, gut aussehend, zuverl\u00e4ssig.<\/p>\n<p>[\/et_pb_text][\/et_pb_column][et_pb_column type=&#8220;2_3&#8243; _builder_version=&#8220;4.16&#8243; _module_preset=&#8220;default&#8220; background_enable_image=&#8220;off&#8220; global_colors_info=&#8220;{}&#8220;][et_pb_slider _builder_version=&#8220;4.20.4&#8243; _module_preset=&#8220;default&#8220; min_height=&#8220;75vh&#8220; min_height_tablet=&#8220;75vh&#8220; min_height_phone=&#8220;250px&#8220; min_height_last_edited=&#8220;on|phone&#8220; custom_margin=&#8220;0px|0px|0px|0px|false|false&#8220; custom_padding=&#8220;0px|0px|0px|0px|false|false&#8220; auto=&#8220;on&#8220; auto_speed=&#8220;5000&#8243; auto_ignore_hover=&#8220;on&#8220; global_colors_info=&#8220;{}&#8220;][et_pb_slide _builder_version=&#8220;4.20.4&#8243; _module_preset=&#8220;default&#8220; background_enable_color=&#8220;off&#8220; background_image=&#8220;https:\/\/mks-bauelemente.de\/wp-content\/uploads\/2023\/05\/leistungen-gelaender-handlaeufe-header.jpg&#8220; background_enable_image=&#8220;on&#8220; global_colors_info=&#8220;{}&#8220; sticky_transition=&#8220;on&#8220;][\/et_pb_slide][\/et_pb_slider][\/et_pb_column][\/et_pb_row][\/et_pb_section][et_pb_section fb_built=&#8220;1&#8243; custom_padding_last_edited=&#8220;on|phone&#8220; _builder_version=&#8220;4.20.4&#8243; _module_preset=&#8220;default&#8220; custom_padding_tablet=&#8220;&#8220; custom_padding_phone=&#8220;||25px||false|false&#8220; global_colors_info=&#8220;{}&#8220;][et_pb_row column_structure=&#8220;1_3,1_3,1_3&#8243; use_custom_gutter=&#8220;on&#8220; gutter_width=&#8220;2&#8243; make_equal=&#8220;on&#8220; custom_padding_last_edited=&#8220;on|phone&#8220; _builder_version=&#8220;4.20.4&#8243; _module_preset=&#8220;default&#8220; custom_padding=&#8220;0px||||false|false&#8220; custom_padding_tablet=&#8220;0px||||false|false&#8220; custom_padding_phone=&#8220;||0px||false|false&#8220; global_colors_info=&#8220;{}&#8220;][et_pb_column type=&#8220;1_3&#8243; _builder_version=&#8220;4.20.4&#8243; _module_preset=&#8220;default&#8220; box_shadow_style=&#8220;preset1&#8243; global_colors_info=&#8220;{}&#8220;][et_pb_image src=&#8220;https:\/\/mks-bauelemente.de\/wp-content\/uploads\/2023\/05\/leistungen-gelaender-handlaeufe01.jpg&#8220; title_text=&#8220;leistungen-gelaender-handlaeufe01&#8243; _builder_version=&#8220;4.20.4&#8243; _module_preset=&#8220;default&#8220; global_colors_info=&#8220;{}&#8220;][\/et_pb_image][et_pb_text _builder_version=&#8220;4.20.4&#8243; _module_preset=&#8220;default&#8220; header_3_font=&#8220;|700|||||||&#8220; header_3_font_size=&#8220;25px&#8220; custom_padding=&#8220;15px|35px|35px|35px|false|false&#8220; global_colors_info=&#8220;{}&#8220;]<\/p>\n<p>Handl\u00e4ufe und Treppengel\u00e4nder sind aus vielen Materialien m\u00f6glich, die g\u00e4ngigsten sind Stahl, Holz und auch der Blickfang Glas. Die von uns verwendeten Stahlgel\u00e4nder sind haltbar, gutaussehend, dank ihres Designs edel und durch Feuerverzinkung auch im Au\u00dfenbereich korrosionsfrei.<\/p>\n<p>[\/et_pb_text][\/et_pb_column][et_pb_column type=&#8220;1_3&#8243; _builder_version=&#8220;4.20.4&#8243; _module_preset=&#8220;default&#8220; box_shadow_style=&#8220;preset1&#8243; global_colors_info=&#8220;{}&#8220;][et_pb_image src=&#8220;https:\/\/mks-bauelemente.de\/wp-content\/uploads\/2023\/05\/leistungen-gelaender-handlaeufe02.jpg&#8220; title_text=&#8220;leistungen-gelaender-handlaeufe02&#8243; _builder_version=&#8220;4.20.4&#8243; _module_preset=&#8220;default&#8220; global_colors_info=&#8220;{}&#8220;][\/et_pb_image][et_pb_text _builder_version=&#8220;4.20.4&#8243; _module_preset=&#8220;default&#8220; header_3_font=&#8220;|700|||||||&#8220; header_3_font_size=&#8220;25px&#8220; custom_padding=&#8220;15px|35px|35px|35px|false|false&#8220; global_colors_info=&#8220;{}&#8220;]Bei uns k\u00f6nnen Sie auf die bew\u00e4hrten Angebote von Kenngott zur\u00fcckgreifen oder Freiheit im individuellen Design von Handlauf und Gel\u00e4nder erleben: Auf Ihre Bed\u00fcrfnisse und W\u00fcnsche zugeschnitten k\u00f6nnen wir spezielle runde oder eckige oder auch extra griffsichere Handl\u00e4ufe und Sicherheitsgel\u00e4nder \u2013 zum Beispiel f\u00fcr Kinder oder Haustiere &#8211; anfertigen oder aber im Bereich \u00c4sthetik ganz den ganz gro\u00dfen Wurf wagen.[\/et_pb_text][\/et_pb_column][et_pb_column type=&#8220;1_3&#8243; _builder_version=&#8220;4.20.4&#8243; _module_preset=&#8220;default&#8220; box_shadow_style=&#8220;preset1&#8243; global_colors_info=&#8220;{}&#8220;][et_pb_image src=&#8220;https:\/\/mks-bauelemente.de\/wp-content\/uploads\/2023\/05\/leistungen-gelaender-handlaeufe03.jpg&#8220; title_text=&#8220;leistungen-gelaender-handlaeufe03&#8243; _builder_version=&#8220;4.20.4&#8243; _module_preset=&#8220;default&#8220; global_colors_info=&#8220;{}&#8220;][\/et_pb_image][et_pb_text _builder_version=&#8220;4.20.4&#8243; _module_preset=&#8220;default&#8220; header_3_font=&#8220;|700|||||||&#8220; header_3_font_size=&#8220;25px&#8220; custom_padding=&#8220;15px|35px|35px|35px|false|false&#8220; global_colors_info=&#8220;{}&#8220;]<\/p>\n<p>Damit Ihre Handl\u00e4ufe und Gel\u00e4nder nicht nur die Treppe vervollst\u00e4ndigen, sondern selbst zu Wohnwert und Komfort beitragen k\u00f6nnen. Von der H\u00f6he des Gel\u00e4nders bis hin zu Form und Farbe von Handl\u00e4ufen und Treppengel\u00e4ndern haben Sie die freie Gestaltungswahl.<\/p>\n<p>[\/et_pb_text][\/et_pb_column][\/et_pb_row][et_pb_row column_structure=&#8220;1_3,1_3,1_3&#8243; use_custom_gutter=&#8220;on&#8220; gutter_width=&#8220;2&#8243; make_equal=&#8220;on&#8220; _builder_version=&#8220;4.20.4&#8243; _module_preset=&#8220;default&#8220; custom_padding=&#8220;||0px||false|false&#8220; global_colors_info=&#8220;{}&#8220;][et_pb_column type=&#8220;1_3&#8243; _builder_version=&#8220;4.20.4&#8243; _module_preset=&#8220;default&#8220; box_shadow_style=&#8220;preset1&#8243; global_colors_info=&#8220;{}&#8220;][et_pb_image src=&#8220;https:\/\/mks-bauelemente.de\/wp-content\/uploads\/2023\/05\/leistungen-gelaender-handlaeufe04.jpg&#8220; title_text=&#8220;leistungen-gelaender-handlaeufe04&#8243; _builder_version=&#8220;4.20.4&#8243; _module_preset=&#8220;default&#8220; global_colors_info=&#8220;{}&#8220;][\/et_pb_image][et_pb_text _builder_version=&#8220;4.20.4&#8243; _module_preset=&#8220;default&#8220; header_3_font=&#8220;|700|||||||&#8220; header_3_font_size=&#8220;25px&#8220; custom_padding=&#8220;15px|35px|35px|35px|false|false&#8220; global_colors_info=&#8220;{}&#8220;]Wir sorgen daf\u00fcr, dass Sicherheit und Blickfang sich perfekt erg\u00e4nzen und beziehen Raumh\u00f6he, Treppenneigung und auch Ihre pers\u00f6nliche K\u00f6rpergr\u00f6\u00dfe optimal in Planung und Ausf\u00fchrung mit ein.<br \/>\nVon der Griffsicherheit des Handlaufs bei Edelstahlgel\u00e4ndern bis zum perfekten Abschleifen eines Holzhandlaufs achten wir f\u00fcr Sie auf die Details.[\/et_pb_text][\/et_pb_column][et_pb_column type=&#8220;1_3&#8243; _builder_version=&#8220;4.20.4&#8243; _module_preset=&#8220;default&#8220; box_shadow_style=&#8220;preset1&#8243; global_colors_info=&#8220;{}&#8220;][et_pb_image src=&#8220;https:\/\/mks-bauelemente.de\/wp-content\/uploads\/2023\/05\/leistungen-gelaender-handlaeufe05.jpg&#8220; title_text=&#8220;leistungen-gelaender-handlaeufe05&#8243; _builder_version=&#8220;4.20.4&#8243; _module_preset=&#8220;default&#8220; global_colors_info=&#8220;{}&#8220;][\/et_pb_image][et_pb_text _builder_version=&#8220;4.20.4&#8243; _module_preset=&#8220;default&#8220; header_3_font=&#8220;|700|||||||&#8220; header_3_font_size=&#8220;25px&#8220; custom_padding=&#8220;15px|35px|35px|35px|false|false&#8220; global_colors_info=&#8220;{}&#8220;]Bei j\u00fcngeren und \u00e4lteren Familienmitgliedern und Haustieren empfehlen wir Ihnen eine sichere und zugleich repr\u00e4sentative Auswahl an Gel\u00e4nder- und Handlauftypen, die mks Bauelemente extra f\u00fcr Sie anfertigen und installieren kann.[\/et_pb_text][\/et_pb_column][et_pb_column type=&#8220;1_3&#8243; _builder_version=&#8220;4.20.4&#8243; _module_preset=&#8220;default&#8220; box_shadow_style=&#8220;preset1&#8243; global_colors_info=&#8220;{}&#8220;][et_pb_image src=&#8220;https:\/\/mks-bauelemente.de\/wp-content\/uploads\/2023\/05\/leistungen-gelaender-handlaeufe06.jpg&#8220; title_text=&#8220;leistungen-gelaender-handlaeufe06&#8243; _builder_version=&#8220;4.20.4&#8243; _module_preset=&#8220;default&#8220; global_colors_info=&#8220;{}&#8220;][\/et_pb_image][et_pb_text _builder_version=&#8220;4.20.4&#8243; _module_preset=&#8220;default&#8220; header_3_font=&#8220;|700|||||||&#8220; header_3_font_size=&#8220;25px&#8220; custom_padding=&#8220;15px|35px|35px|35px|false|false&#8220; global_colors_info=&#8220;{}&#8220;]Genie\u00dfen Sie einen ersten Eindruck unserer Auswahl an Varianten und Materialien in unserer Ausstellung vor Ort in Neum\u00fcnster.[\/et_pb_text][\/et_pb_column][\/et_pb_row][\/et_pb_section]<\/p>\n","protected":false},"excerpt":{"rendered":"<p>Gel\u00e4nder und Handl\u00e4ufe von mks Bauelemente mks Bauelemente aus Neum\u00fcnster bietet Ihnen klassische Kenngott-Handl\u00e4ufe und -Gel\u00e4nder und individuelle Handl\u00e4ufe und Treppengel\u00e4nder aus Eigenproduktion. Sie bekommen genau das, was Sie sich w\u00fcnschen. Pr\u00e4zise, gut aussehend, zuverl\u00e4ssig.Handl\u00e4ufe und Treppengel\u00e4nder sind aus vielen Materialien m\u00f6glich, die g\u00e4ngigsten sind Stahl, Holz und auch der Blickfang Glas. Die von uns [&hellip;]<\/p>\n","protected":false},"author":2,"featured_media":0,"parent":0,"menu_order":0,"comment_status":"closed","ping_status":"closed","template":"","meta":{"_et_pb_use_builder":"on","_et_pb_old_content":"","_et_gb_content_width":"","footnotes":""},"class_list":["post-103","page","type-page","status-publish","hentry"],"yoast_head":"<!-- This site is optimized with the Yoast SEO plugin v27.4 - https:\/\/yoast.com\/product\/yoast-seo-wordpress\/ -->\n<title>Gel\u00e4nder und Handl\u00e4ufe \u25b7 mks Bauelemente aus Neum\u00fcnster<\/title>\n<meta name=\"description\" content=\"Gel\u00e4nder und Handl\u00e4ufe von mks Bauelemente - klassische Kenngott-Handl\u00e4ufe und -Gel\u00e4nder &amp; individuelle Handl\u00e4ufe und Treppengel\u00e4nder aus Eigenproduktion \u260e\ufe0f Jetzt kontaktieren!\" \/>\n<meta name=\"robots\" content=\"index, follow, max-snippet:-1, max-image-preview:large, max-video-preview:-1\" \/>\n<link rel=\"canonical\" href=\"https:\/\/mks-bauelemente.de\/?page_id=103\" \/>\n<meta property=\"og:locale\" content=\"de_DE\" \/>\n<meta property=\"og:type\" content=\"article\" \/>\n<meta property=\"og:title\" content=\"Gel\u00e4nder und Handl\u00e4ufe \u25b7 mks Bauelemente aus Neum\u00fcnster\" \/>\n<meta property=\"og:description\" content=\"Gel\u00e4nder und Handl\u00e4ufe von mks Bauelemente - klassische Kenngott-Handl\u00e4ufe und -Gel\u00e4nder &amp; individuelle Handl\u00e4ufe und Treppengel\u00e4nder aus Eigenproduktion \u260e\ufe0f Jetzt kontaktieren!\" \/>\n<meta property=\"og:url\" content=\"https:\/\/mks-bauelemente.de\/?page_id=103\" \/>\n<meta property=\"og:site_name\" content=\"mks Bauelemente aus Neum\u00fcnster\" \/>\n<meta property=\"article:modified_time\" content=\"2023-10-08T21:36:03+00:00\" \/>\n<meta name=\"twitter:card\" content=\"summary_large_image\" \/>\n<meta name=\"twitter:label1\" content=\"Gesch\u00e4tzte Lesezeit\" \/>\n\t<meta name=\"twitter:data1\" content=\"3\u00a0Minuten\" \/>\n<script type=\"application\/ld+json\" class=\"yoast-schema-graph\">{\"@context\":\"https:\\\/\\\/schema.org\",\"@graph\":[{\"@type\":\"WebPage\",\"@id\":\"https:\\\/\\\/mks-bauelemente.de\\\/?page_id=103\",\"url\":\"https:\\\/\\\/mks-bauelemente.de\\\/?page_id=103\",\"name\":\"Gel\u00e4nder und Handl\u00e4ufe \u25b7 mks Bauelemente aus Neum\u00fcnster\",\"isPartOf\":{\"@id\":\"https:\\\/\\\/mks-bauelemente.de\\\/#website\"},\"datePublished\":\"2023-05-08T22:09:52+00:00\",\"dateModified\":\"2023-10-08T21:36:03+00:00\",\"description\":\"Gel\u00e4nder und Handl\u00e4ufe von mks Bauelemente - klassische Kenngott-Handl\u00e4ufe und -Gel\u00e4nder & individuelle Handl\u00e4ufe und Treppengel\u00e4nder aus Eigenproduktion \u260e\ufe0f Jetzt kontaktieren!\",\"breadcrumb\":{\"@id\":\"https:\\\/\\\/mks-bauelemente.de\\\/?page_id=103#breadcrumb\"},\"inLanguage\":\"de\",\"potentialAction\":[{\"@type\":\"ReadAction\",\"target\":[\"https:\\\/\\\/mks-bauelemente.de\\\/?page_id=103\"]}]},{\"@type\":\"BreadcrumbList\",\"@id\":\"https:\\\/\\\/mks-bauelemente.de\\\/?page_id=103#breadcrumb\",\"itemListElement\":[{\"@type\":\"ListItem\",\"position\":1,\"name\":\"Startseite\",\"item\":\"https:\\\/\\\/mks-bauelemente.de\\\/\"},{\"@type\":\"ListItem\",\"position\":2,\"name\":\"&#8211; Handl\u00e4ufe und Treppengel\u00e4nder\"}]},{\"@type\":\"WebSite\",\"@id\":\"https:\\\/\\\/mks-bauelemente.de\\\/#website\",\"url\":\"https:\\\/\\\/mks-bauelemente.de\\\/\",\"name\":\"mks Bauelemente aus Neum\u00fcnster\",\"description\":\"Treppen, Gel\u00e4nder, T\u00fcren, Tore, Z\u00e4une und mehr\",\"potentialAction\":[{\"@type\":\"SearchAction\",\"target\":{\"@type\":\"EntryPoint\",\"urlTemplate\":\"https:\\\/\\\/mks-bauelemente.de\\\/?s={search_term_string}\"},\"query-input\":{\"@type\":\"PropertyValueSpecification\",\"valueRequired\":true,\"valueName\":\"search_term_string\"}}],\"inLanguage\":\"de\"}]}<\/script>\n<!-- \/ Yoast SEO plugin. -->","yoast_head_json":{"title":"Gel\u00e4nder und Handl\u00e4ufe \u25b7 mks Bauelemente aus Neum\u00fcnster","description":"Gel\u00e4nder und Handl\u00e4ufe von mks Bauelemente - klassische Kenngott-Handl\u00e4ufe und -Gel\u00e4nder & individuelle Handl\u00e4ufe und Treppengel\u00e4nder aus Eigenproduktion \u260e\ufe0f Jetzt kontaktieren!","robots":{"index":"index","follow":"follow","max-snippet":"max-snippet:-1","max-image-preview":"max-image-preview:large","max-video-preview":"max-video-preview:-1"},"canonical":"https:\/\/mks-bauelemente.de\/?page_id=103","og_locale":"de_DE","og_type":"article","og_title":"Gel\u00e4nder und Handl\u00e4ufe \u25b7 mks Bauelemente aus Neum\u00fcnster","og_description":"Gel\u00e4nder und Handl\u00e4ufe von mks Bauelemente - klassische Kenngott-Handl\u00e4ufe und -Gel\u00e4nder & individuelle Handl\u00e4ufe und Treppengel\u00e4nder aus Eigenproduktion \u260e\ufe0f Jetzt kontaktieren!","og_url":"https:\/\/mks-bauelemente.de\/?page_id=103","og_site_name":"mks Bauelemente aus Neum\u00fcnster","article_modified_time":"2023-10-08T21:36:03+00:00","twitter_card":"summary_large_image","twitter_misc":{"Gesch\u00e4tzte Lesezeit":"3\u00a0Minuten"},"schema":{"@context":"https:\/\/schema.org","@graph":[{"@type":"WebPage","@id":"https:\/\/mks-bauelemente.de\/?page_id=103","url":"https:\/\/mks-bauelemente.de\/?page_id=103","name":"Gel\u00e4nder und Handl\u00e4ufe \u25b7 mks Bauelemente aus Neum\u00fcnster","isPartOf":{"@id":"https:\/\/mks-bauelemente.de\/#website"},"datePublished":"2023-05-08T22:09:52+00:00","dateModified":"2023-10-08T21:36:03+00:00","description":"Gel\u00e4nder und Handl\u00e4ufe von mks Bauelemente - klassische Kenngott-Handl\u00e4ufe und -Gel\u00e4nder & individuelle Handl\u00e4ufe und Treppengel\u00e4nder aus Eigenproduktion \u260e\ufe0f Jetzt kontaktieren!","breadcrumb":{"@id":"https:\/\/mks-bauelemente.de\/?page_id=103#breadcrumb"},"inLanguage":"de","potentialAction":[{"@type":"ReadAction","target":["https:\/\/mks-bauelemente.de\/?page_id=103"]}]},{"@type":"BreadcrumbList","@id":"https:\/\/mks-bauelemente.de\/?page_id=103#breadcrumb","itemListElement":[{"@type":"ListItem","position":1,"name":"Startseite","item":"https:\/\/mks-bauelemente.de\/"},{"@type":"ListItem","position":2,"name":"&#8211; Handl\u00e4ufe und Treppengel\u00e4nder"}]},{"@type":"WebSite","@id":"https:\/\/mks-bauelemente.de\/#website","url":"https:\/\/mks-bauelemente.de\/","name":"mks Bauelemente aus Neum\u00fcnster","description":"Treppen, Gel\u00e4nder, T\u00fcren, Tore, Z\u00e4une und mehr","potentialAction":[{"@type":"SearchAction","target":{"@type":"EntryPoint","urlTemplate":"https:\/\/mks-bauelemente.de\/?s={search_term_string}"},"query-input":{"@type":"PropertyValueSpecification","valueRequired":true,"valueName":"search_term_string"}}],"inLanguage":"de"}]}},"_links":{"self":[{"href":"https:\/\/mks-bauelemente.de\/index.php?rest_route=\/wp\/v2\/pages\/103","targetHints":{"allow":["GET"]}}],"collection":[{"href":"https:\/\/mks-bauelemente.de\/index.php?rest_route=\/wp\/v2\/pages"}],"about":[{"href":"https:\/\/mks-bauelemente.de\/index.php?rest_route=\/wp\/v2\/types\/page"}],"author":[{"embeddable":true,"href":"https:\/\/mks-bauelemente.de\/index.php?rest_route=\/wp\/v2\/users\/2"}],"replies":[{"embeddable":true,"href":"https:\/\/mks-bauelemente.de\/index.php?rest_route=%2Fwp%2Fv2%2Fcomments&post=103"}],"version-history":[{"count":5,"href":"https:\/\/mks-bauelemente.de\/index.php?rest_route=\/wp\/v2\/pages\/103\/revisions"}],"predecessor-version":[{"id":581,"href":"https:\/\/mks-bauelemente.de\/index.php?rest_route=\/wp\/v2\/pages\/103\/revisions\/581"}],"wp:attachment":[{"href":"https:\/\/mks-bauelemente.de\/index.php?rest_route=%2Fwp%2Fv2%2Fmedia&parent=103"}],"curies":[{"name":"wp","href":"https:\/\/api.w.org\/{rel}","templated":true}]}}