{"id":101,"date":"2023-05-09T00:09:32","date_gmt":"2023-05-08T22:09:32","guid":{"rendered":"https:\/\/mks-bauelemente.de\/?page_id=101"},"modified":"2024-05-22T14:09:09","modified_gmt":"2024-05-22T12:09:09","slug":"kontakt-beratung","status":"publish","type":"page","link":"https:\/\/mks-bauelemente.de\/?page_id=101","title":{"rendered":"Kontakt \/ Beratung"},"content":{"rendered":"<p>[et_pb_section fb_built=&#8220;1&#8243; disabled_on=&#8220;off|off|off&#8220; _builder_version=&#8220;4.20.4&#8243; _module_preset=&#8220;default&#8220; height=&#8220;75vh&#8220; height_tablet=&#8220;75vh&#8220; height_phone=&#8220;250px&#8220; height_last_edited=&#8220;on|phone&#8220; custom_padding=&#8220;0px||0px||false|false&#8220; box_shadow_style=&#8220;preset1&#8243; global_colors_info=&#8220;{}&#8220;][et_pb_row column_structure=&#8220;1_3,2_3&#8243; use_custom_gutter=&#8220;on&#8220; gutter_width=&#8220;1&#8243; make_equal=&#8220;on&#8220; _builder_version=&#8220;4.20.4&#8243; _module_preset=&#8220;default&#8220; background_color=&#8220;#FFFFFF&#8220; width=&#8220;100%&#8220; max_width=&#8220;100%&#8220; min_height=&#8220;75vh&#8220; min_height_tablet=&#8220;75vh&#8220; min_height_phone=&#8220;250px&#8220; min_height_last_edited=&#8220;on|phone&#8220; custom_padding=&#8220;0px||0px||false|false&#8220; border_width_bottom=&#8220;4px&#8220; border_color_bottom=&#8220;#1CAADC&#8220; global_colors_info=&#8220;{}&#8220;][et_pb_column type=&#8220;1_3&#8243; _builder_version=&#8220;4.16&#8243; _module_preset=&#8220;default&#8220; custom_padding=&#8220;||||false|false&#8220; global_colors_info=&#8220;{}&#8220;][et_pb_text _builder_version=&#8220;4.20.4&#8243; _module_preset=&#8220;default&#8220; header_font=&#8220;|800|||||||&#8220; header_font_size=&#8220;45px&#8220; header_line_height=&#8220;1.2em&#8220; positioning=&#8220;absolute&#8220; position_origin_a=&#8220;center_left&#8220; position_origin_a_tablet=&#8220;center_left&#8220; position_origin_a_phone=&#8220;center_left&#8220; position_origin_a_last_edited=&#8220;on|phone&#8220; position_origin_f_tablet=&#8220;&#8220; position_origin_f_phone=&#8220;&#8220; position_origin_f_last_edited=&#8220;on|phone&#8220; position_origin_r_tablet=&#8220;&#8220; position_origin_r_phone=&#8220;&#8220; position_origin_r_last_edited=&#8220;on|phone&#8220; width=&#8220;100%&#8220; custom_margin=&#8220;||||false|false&#8220; custom_padding=&#8220;15%|15%|15%|15%|false|false&#8220; custom_padding_tablet=&#8220;15%|15%|15%|15%|false|false&#8220; custom_padding_phone=&#8220;35px|35px|35px|35px|false|false&#8220; custom_padding_last_edited=&#8220;on|phone&#8220; header_font_size_tablet=&#8220;45px&#8220; header_font_size_phone=&#8220;35px&#8220; header_font_size_last_edited=&#8220;on|phone&#8220; positioning_tablet=&#8220;absolute&#8220; positioning_phone=&#8220;none&#8220; positioning_last_edited=&#8220;on|phone&#8220; global_colors_info=&#8220;{}&#8220;]<\/p>\n<h1><span style=\"text-decoration: underline; text-decoration-color: #1CAADC;\">Unser Unternehmen &#8211; mks Bauelemente, Edelstahl-Design und Montage<\/span><\/h1>\n<p>mks Bauelemente aus Neum\u00fcnster gestaltet f\u00fcr Sie herausragende und individuell anpassbare Qualit\u00e4t im Bereich Bauelemente \u2013 Treppen, Tore, Z\u00e4une, Sonnenschutz und mehr. Wir haben eine eigene Produktion, arbeiten mit renommierten Partnern zusammen und setzen Ihre speziellen W\u00fcnsche pers\u00f6nlich f\u00fcr Sie um. Wir machen m\u00f6glich, was Sie wollen. In punkto Sicherheit und mit individueller \u00c4sthetik.<\/p>\n<p>[\/et_pb_text][\/et_pb_column][et_pb_column type=&#8220;2_3&#8243; _builder_version=&#8220;4.16&#8243; _module_preset=&#8220;default&#8220; background_enable_image=&#8220;off&#8220; global_colors_info=&#8220;{}&#8220;][et_pb_slider _builder_version=&#8220;4.20.4&#8243; _module_preset=&#8220;default&#8220; min_height=&#8220;75vh&#8220; min_height_tablet=&#8220;75vh&#8220; min_height_phone=&#8220;250px&#8220; min_height_last_edited=&#8220;on|phone&#8220; custom_margin=&#8220;0px|0px|0px|0px|false|false&#8220; custom_padding=&#8220;0px|0px|0px|0px|false|false&#8220; auto=&#8220;on&#8220; auto_speed=&#8220;5000&#8243; auto_ignore_hover=&#8220;on&#8220; global_colors_info=&#8220;{}&#8220;][et_pb_slide _builder_version=&#8220;4.20.4&#8243; _module_preset=&#8220;default&#8220; background_enable_color=&#8220;off&#8220; background_image=&#8220;https:\/\/mks-bauelemente.de\/wp-content\/uploads\/2023\/10\/kontakt-beratung-header.jpg&#8220; background_enable_image=&#8220;on&#8220; global_colors_info=&#8220;{}&#8220; sticky_transition=&#8220;on&#8220;][\/et_pb_slide][\/et_pb_slider][\/et_pb_column][\/et_pb_row][\/et_pb_section][et_pb_section fb_built=&#8220;1&#8243; custom_padding_last_edited=&#8220;on|phone&#8220; _builder_version=&#8220;4.20.4&#8243; _module_preset=&#8220;default&#8220; position_origin_a_tablet=&#8220;&#8220; position_origin_a_phone=&#8220;&#8220; position_origin_a_last_edited=&#8220;on|phone&#8220; position_origin_f_tablet=&#8220;&#8220; position_origin_f_phone=&#8220;&#8220; position_origin_f_last_edited=&#8220;on|phone&#8220; position_origin_r_tablet=&#8220;&#8220; position_origin_r_phone=&#8220;&#8220; position_origin_r_last_edited=&#8220;on|phone&#8220; custom_padding_tablet=&#8220;&#8220; custom_padding_phone=&#8220;||0px||false|false&#8220; positioning_tablet=&#8220;&#8220; positioning_phone=&#8220;none&#8220; positioning_last_edited=&#8220;on|phone&#8220; global_colors_info=&#8220;{}&#8220;][et_pb_row _builder_version=&#8220;4.20.4&#8243; _module_preset=&#8220;default&#8220; positioning=&#8220;none&#8220; global_colors_info=&#8220;{}&#8220;][et_pb_column type=&#8220;4_4&#8243; _builder_version=&#8220;4.20.4&#8243; _module_preset=&#8220;default&#8220; global_colors_info=&#8220;{}&#8220;][et_pb_text _builder_version=&#8220;4.20.4&#8243; _module_preset=&#8220;default&#8220; header_2_font=&#8220;|800|||||||&#8220; header_2_font_size=&#8220;35px&#8220; custom_padding_tablet=&#8220;&#8220; custom_padding_phone=&#8220;35px||||false|false&#8220; custom_padding_last_edited=&#8220;on|phone&#8220; header_2_font_size_tablet=&#8220;35px&#8220; header_2_font_size_phone=&#8220;30px&#8220; header_2_font_size_last_edited=&#8220;on|desktop&#8220; global_colors_info=&#8220;{}&#8220;]<\/p>\n<h2>Schritt f\u00fcr Schritt zu Ihrem Wunschprojekt<\/h2>\n<p>Gr\u00fcndlich Erforschen, informiert Entscheiden, genau die Details kl\u00e4ren, nahtlos Umsetzen.<\/p>\n<p>[\/et_pb_text][\/et_pb_column][\/et_pb_row][et_pb_row column_structure=&#8220;1_3,1_3,1_3&#8243; use_custom_gutter=&#8220;on&#8220; gutter_width=&#8220;2&#8243; make_equal=&#8220;on&#8220; custom_padding_last_edited=&#8220;on|phone&#8220; _builder_version=&#8220;4.20.4&#8243; _module_preset=&#8220;default&#8220; custom_padding=&#8220;||||false|false&#8220; custom_padding_tablet=&#8220;||||false|false&#8220; custom_padding_phone=&#8220;||0px||false|false&#8220; global_colors_info=&#8220;{}&#8220;][et_pb_column type=&#8220;1_3&#8243; _builder_version=&#8220;4.20.4&#8243; _module_preset=&#8220;default&#8220; custom_padding_tablet=&#8220;&#8220; custom_padding_phone=&#8220;||||false|false&#8220; custom_padding_last_edited=&#8220;on|phone&#8220; box_shadow_style=&#8220;preset1&#8243; global_colors_info=&#8220;{}&#8220;][et_pb_text _builder_version=&#8220;4.20.4&#8243; _module_preset=&#8220;default&#8220; text_font=&#8220;|800|||||||&#8220; text_text_color=&#8220;#FFFFFF&#8220; text_font_size=&#8220;20px&#8220; background_color=&#8220;#1CAADC&#8220; text_orientation=&#8220;center&#8220; width=&#8220;50px&#8220; module_alignment=&#8220;center&#8220; height=&#8220;50px&#8220; custom_margin=&#8220;-25px|35px||35px|false|false&#8220; custom_padding=&#8220;15px||||false|false&#8220; box_shadow_style=&#8220;preset1&#8243; global_colors_info=&#8220;{}&#8220;]<\/p>\n<p>1<\/p>\n<p>[\/et_pb_text][et_pb_text _builder_version=&#8220;4.20.4&#8243; _module_preset=&#8220;default&#8220; header_3_font=&#8220;|800|||||||&#8220; header_3_font_size=&#8220;25px&#8220; custom_margin_tablet=&#8220;&#8220; custom_margin_phone=&#8220;||||false|false&#8220; custom_margin_last_edited=&#8220;on|desktop&#8220; custom_padding=&#8220;15px|35px|35px|35px|false|false&#8220; custom_padding_last_edited=&#8220;off|phone&#8220; global_colors_info=&#8220;{}&#8220;]<\/p>\n<h3>Ihre M\u00f6glichkeiten entdecken<\/h3>\n<p>Besuchen Sie unsere Ausstellung und finden Sie Inspirationen und Materialien f\u00fcr Ihre Ideen und Visionen. Erforschen und Erf\u00fchlen Sie Ihre Einrichtungsoptionen selbst.<\/p>\n<p>[\/et_pb_text][\/et_pb_column][et_pb_column type=&#8220;1_3&#8243; _builder_version=&#8220;4.20.4&#8243; _module_preset=&#8220;default&#8220; box_shadow_style=&#8220;preset1&#8243; global_colors_info=&#8220;{}&#8220;][et_pb_text _builder_version=&#8220;4.20.4&#8243; _module_preset=&#8220;default&#8220; text_font=&#8220;|800|||||||&#8220; text_text_color=&#8220;#FFFFFF&#8220; text_font_size=&#8220;20px&#8220; background_color=&#8220;#1CAADC&#8220; text_orientation=&#8220;center&#8220; width=&#8220;50px&#8220; module_alignment=&#8220;center&#8220; height=&#8220;50px&#8220; custom_margin=&#8220;-25px|35px||35px|false|false&#8220; custom_padding=&#8220;15px||||false|false&#8220; box_shadow_style=&#8220;preset1&#8243; global_colors_info=&#8220;{}&#8220;]<\/p>\n<p>2<\/p>\n<p>[\/et_pb_text][et_pb_text _builder_version=&#8220;4.20.4&#8243; _module_preset=&#8220;default&#8220; header_3_font=&#8220;|800|||||||&#8220; header_3_font_size=&#8220;25px&#8220; custom_padding=&#8220;15px|35px|35px|35px|false|false&#8220; global_colors_info=&#8220;{}&#8220;]<\/p>\n<h3>Angebotserstellung<\/h3>\n<p>Wir erstellen gemeinsam ein Angebot, das Ihnen die Wahl zwischen verschiedenen hochwertigen Materialien und Umsetzungen l\u00e4sst.<\/p>\n<p>[\/et_pb_text][\/et_pb_column][et_pb_column type=&#8220;1_3&#8243; _builder_version=&#8220;4.20.4&#8243; _module_preset=&#8220;default&#8220; box_shadow_style=&#8220;preset1&#8243; global_colors_info=&#8220;{}&#8220;][et_pb_text _builder_version=&#8220;4.20.4&#8243; _module_preset=&#8220;default&#8220; text_font=&#8220;|800|||||||&#8220; text_text_color=&#8220;#FFFFFF&#8220; text_font_size=&#8220;20px&#8220; background_color=&#8220;#1CAADC&#8220; text_orientation=&#8220;center&#8220; width=&#8220;50px&#8220; module_alignment=&#8220;center&#8220; height=&#8220;50px&#8220; custom_margin=&#8220;-25px|35px||35px|false|false&#8220; custom_padding=&#8220;15px||||false|false&#8220; box_shadow_style=&#8220;preset1&#8243; global_colors_info=&#8220;{}&#8220;]<\/p>\n<p>3<\/p>\n<p>[\/et_pb_text][et_pb_text _builder_version=&#8220;4.20.4&#8243; _module_preset=&#8220;default&#8220; header_3_font=&#8220;|800|||||||&#8220; header_3_font_size=&#8220;25px&#8220; custom_padding=&#8220;15px|35px|35px|35px|false|false&#8220; global_colors_info=&#8220;{}&#8220;]<\/p>\n<h3>Vor-Ort Termin<\/h3>\n<p>Am Standort kl\u00e4ren wir gemeinsam die Details Ihrer W\u00fcnsche, ber\u00fccksichtigen die speziellen Gegebenheiten und Chancen des Objekts, besprechen Ihre Auswahl im Einzelnen und fixieren dann ein Angebot, an das wir uns halten.<\/p>\n<p>[\/et_pb_text][\/et_pb_column][\/et_pb_row][et_pb_row column_structure=&#8220;1_3,1_3,1_3&#8243; use_custom_gutter=&#8220;on&#8220; gutter_width=&#8220;2&#8243; make_equal=&#8220;on&#8220; custom_padding_last_edited=&#8220;on|phone&#8220; _builder_version=&#8220;4.20.4&#8243; _module_preset=&#8220;default&#8220; custom_padding_tablet=&#8220;&#8220; custom_padding_phone=&#8220;||0px||false|false&#8220; global_colors_info=&#8220;{}&#8220;][et_pb_column type=&#8220;1_3&#8243; _builder_version=&#8220;4.20.4&#8243; _module_preset=&#8220;default&#8220; box_shadow_style=&#8220;preset1&#8243; global_colors_info=&#8220;{}&#8220;][et_pb_text _builder_version=&#8220;4.20.4&#8243; _module_preset=&#8220;default&#8220; text_font=&#8220;|800|||||||&#8220; text_text_color=&#8220;#FFFFFF&#8220; text_font_size=&#8220;20px&#8220; background_color=&#8220;#1CAADC&#8220; text_orientation=&#8220;center&#8220; width=&#8220;50px&#8220; module_alignment=&#8220;center&#8220; height=&#8220;50px&#8220; custom_margin=&#8220;-25px|35px||35px|false|false&#8220; custom_padding=&#8220;15px||||false|false&#8220; box_shadow_style=&#8220;preset1&#8243; global_colors_info=&#8220;{}&#8220;]<\/p>\n<p>4<\/p>\n<p>[\/et_pb_text][et_pb_text _builder_version=&#8220;4.20.4&#8243; _module_preset=&#8220;default&#8220; header_3_font=&#8220;|800|||||||&#8220; header_3_font_size=&#8220;25px&#8220; custom_padding=&#8220;15px|35px|35px|35px|false|false&#8220; global_colors_info=&#8220;{}&#8220;]<\/p>\n<h3>Umsetzung und Koordination<\/h3>\n<p>Wir \u00fcbernehmen die Kommunikation mit eventuellen Handwerks-Partnern und sorgen f\u00fcr Erfolg beim Gesamtprojekt.<\/p>\n<p>[\/et_pb_text][\/et_pb_column][et_pb_column type=&#8220;1_3&#8243; _builder_version=&#8220;4.20.4&#8243; _module_preset=&#8220;default&#8220; global_colors_info=&#8220;{}&#8220;][\/et_pb_column][et_pb_column type=&#8220;1_3&#8243; _builder_version=&#8220;4.20.4&#8243; _module_preset=&#8220;default&#8220; global_colors_info=&#8220;{}&#8220;][\/et_pb_column][\/et_pb_row][\/et_pb_section]<\/p>\n","protected":false},"excerpt":{"rendered":"<p>Unser Unternehmen &#8211; mks Bauelemente, Edelstahl-Design und Montage mks Bauelemente aus Neum\u00fcnster gestaltet f\u00fcr Sie herausragende und individuell anpassbare Qualit\u00e4t im Bereich Bauelemente \u2013 Treppen, Tore, Z\u00e4une, Sonnenschutz und mehr. Wir haben eine eigene Produktion, arbeiten mit renommierten Partnern zusammen und setzen Ihre speziellen W\u00fcnsche pers\u00f6nlich f\u00fcr Sie um. Wir machen m\u00f6glich, was Sie wollen. [&hellip;]<\/p>\n","protected":false},"author":2,"featured_media":0,"parent":0,"menu_order":0,"comment_status":"closed","ping_status":"closed","template":"","meta":{"_et_pb_use_builder":"on","_et_pb_old_content":"","_et_gb_content_width":"","footnotes":""},"class_list":["post-101","page","type-page","status-publish","hentry"],"yoast_head":"<!-- This site is optimized with the Yoast SEO plugin v27.4 - https:\/\/yoast.com\/product\/yoast-seo-wordpress\/ -->\n<title>Kontakt \/ Beratung - mks Bauelemente aus Neum\u00fcnster<\/title>\n<meta name=\"description\" content=\"Ihr Kontakt zu mks Bauelemente - Schritt f\u00fcr Schritt zu Ihrem Wunschprojekt. Rufen Sie einfach an oder Mailen Sie uns \u260e\ufe0f Jetzt kontaktieren!\" \/>\n<meta name=\"robots\" content=\"index, follow, max-snippet:-1, max-image-preview:large, max-video-preview:-1\" \/>\n<link rel=\"canonical\" href=\"https:\/\/mks-bauelemente.de\/?page_id=101\" \/>\n<meta property=\"og:locale\" content=\"de_DE\" \/>\n<meta property=\"og:type\" content=\"article\" \/>\n<meta property=\"og:title\" content=\"Kontakt \/ Beratung - mks Bauelemente aus Neum\u00fcnster\" \/>\n<meta property=\"og:description\" content=\"Ihr Kontakt zu mks Bauelemente - Schritt f\u00fcr Schritt zu Ihrem Wunschprojekt. Rufen Sie einfach an oder Mailen Sie uns \u260e\ufe0f Jetzt kontaktieren!\" \/>\n<meta property=\"og:url\" content=\"https:\/\/mks-bauelemente.de\/?page_id=101\" \/>\n<meta property=\"og:site_name\" content=\"mks Bauelemente aus Neum\u00fcnster\" \/>\n<meta property=\"article:modified_time\" content=\"2024-05-22T12:09:09+00:00\" \/>\n<meta name=\"twitter:card\" content=\"summary_large_image\" \/>\n<meta name=\"twitter:label1\" content=\"Gesch\u00e4tzte Lesezeit\" \/>\n\t<meta name=\"twitter:data1\" content=\"3\u00a0Minuten\" \/>\n<script type=\"application\/ld+json\" class=\"yoast-schema-graph\">{\"@context\":\"https:\\\/\\\/schema.org\",\"@graph\":[{\"@type\":\"WebPage\",\"@id\":\"https:\\\/\\\/mks-bauelemente.de\\\/?page_id=101\",\"url\":\"https:\\\/\\\/mks-bauelemente.de\\\/?page_id=101\",\"name\":\"Kontakt \\\/ Beratung - mks Bauelemente aus Neum\u00fcnster\",\"isPartOf\":{\"@id\":\"https:\\\/\\\/mks-bauelemente.de\\\/#website\"},\"datePublished\":\"2023-05-08T22:09:32+00:00\",\"dateModified\":\"2024-05-22T12:09:09+00:00\",\"description\":\"Ihr Kontakt zu mks Bauelemente - Schritt f\u00fcr Schritt zu Ihrem Wunschprojekt. Rufen Sie einfach an oder Mailen Sie uns \u260e\ufe0f Jetzt kontaktieren!\",\"breadcrumb\":{\"@id\":\"https:\\\/\\\/mks-bauelemente.de\\\/?page_id=101#breadcrumb\"},\"inLanguage\":\"de\",\"potentialAction\":[{\"@type\":\"ReadAction\",\"target\":[\"https:\\\/\\\/mks-bauelemente.de\\\/?page_id=101\"]}]},{\"@type\":\"BreadcrumbList\",\"@id\":\"https:\\\/\\\/mks-bauelemente.de\\\/?page_id=101#breadcrumb\",\"itemListElement\":[{\"@type\":\"ListItem\",\"position\":1,\"name\":\"Startseite\",\"item\":\"https:\\\/\\\/mks-bauelemente.de\\\/\"},{\"@type\":\"ListItem\",\"position\":2,\"name\":\"Kontakt \\\/ Beratung\"}]},{\"@type\":\"WebSite\",\"@id\":\"https:\\\/\\\/mks-bauelemente.de\\\/#website\",\"url\":\"https:\\\/\\\/mks-bauelemente.de\\\/\",\"name\":\"mks Bauelemente aus Neum\u00fcnster\",\"description\":\"Treppen, Gel\u00e4nder, T\u00fcren, Tore, Z\u00e4une und mehr\",\"potentialAction\":[{\"@type\":\"SearchAction\",\"target\":{\"@type\":\"EntryPoint\",\"urlTemplate\":\"https:\\\/\\\/mks-bauelemente.de\\\/?s={search_term_string}\"},\"query-input\":{\"@type\":\"PropertyValueSpecification\",\"valueRequired\":true,\"valueName\":\"search_term_string\"}}],\"inLanguage\":\"de\"}]}<\/script>\n<!-- \/ Yoast SEO plugin. -->","yoast_head_json":{"title":"Kontakt \/ Beratung - mks Bauelemente aus Neum\u00fcnster","description":"Ihr Kontakt zu mks Bauelemente - Schritt f\u00fcr Schritt zu Ihrem Wunschprojekt. Rufen Sie einfach an oder Mailen Sie uns \u260e\ufe0f Jetzt kontaktieren!","robots":{"index":"index","follow":"follow","max-snippet":"max-snippet:-1","max-image-preview":"max-image-preview:large","max-video-preview":"max-video-preview:-1"},"canonical":"https:\/\/mks-bauelemente.de\/?page_id=101","og_locale":"de_DE","og_type":"article","og_title":"Kontakt \/ Beratung - mks Bauelemente aus Neum\u00fcnster","og_description":"Ihr Kontakt zu mks Bauelemente - Schritt f\u00fcr Schritt zu Ihrem Wunschprojekt. Rufen Sie einfach an oder Mailen Sie uns \u260e\ufe0f Jetzt kontaktieren!","og_url":"https:\/\/mks-bauelemente.de\/?page_id=101","og_site_name":"mks Bauelemente aus Neum\u00fcnster","article_modified_time":"2024-05-22T12:09:09+00:00","twitter_card":"summary_large_image","twitter_misc":{"Gesch\u00e4tzte Lesezeit":"3\u00a0Minuten"},"schema":{"@context":"https:\/\/schema.org","@graph":[{"@type":"WebPage","@id":"https:\/\/mks-bauelemente.de\/?page_id=101","url":"https:\/\/mks-bauelemente.de\/?page_id=101","name":"Kontakt \/ Beratung - mks Bauelemente aus Neum\u00fcnster","isPartOf":{"@id":"https:\/\/mks-bauelemente.de\/#website"},"datePublished":"2023-05-08T22:09:32+00:00","dateModified":"2024-05-22T12:09:09+00:00","description":"Ihr Kontakt zu mks Bauelemente - Schritt f\u00fcr Schritt zu Ihrem Wunschprojekt. Rufen Sie einfach an oder Mailen Sie uns \u260e\ufe0f Jetzt kontaktieren!","breadcrumb":{"@id":"https:\/\/mks-bauelemente.de\/?page_id=101#breadcrumb"},"inLanguage":"de","potentialAction":[{"@type":"ReadAction","target":["https:\/\/mks-bauelemente.de\/?page_id=101"]}]},{"@type":"BreadcrumbList","@id":"https:\/\/mks-bauelemente.de\/?page_id=101#breadcrumb","itemListElement":[{"@type":"ListItem","position":1,"name":"Startseite","item":"https:\/\/mks-bauelemente.de\/"},{"@type":"ListItem","position":2,"name":"Kontakt \/ Beratung"}]},{"@type":"WebSite","@id":"https:\/\/mks-bauelemente.de\/#website","url":"https:\/\/mks-bauelemente.de\/","name":"mks Bauelemente aus Neum\u00fcnster","description":"Treppen, Gel\u00e4nder, T\u00fcren, Tore, Z\u00e4une und mehr","potentialAction":[{"@type":"SearchAction","target":{"@type":"EntryPoint","urlTemplate":"https:\/\/mks-bauelemente.de\/?s={search_term_string}"},"query-input":{"@type":"PropertyValueSpecification","valueRequired":true,"valueName":"search_term_string"}}],"inLanguage":"de"}]}},"_links":{"self":[{"href":"https:\/\/mks-bauelemente.de\/index.php?rest_route=\/wp\/v2\/pages\/101","targetHints":{"allow":["GET"]}}],"collection":[{"href":"https:\/\/mks-bauelemente.de\/index.php?rest_route=\/wp\/v2\/pages"}],"about":[{"href":"https:\/\/mks-bauelemente.de\/index.php?rest_route=\/wp\/v2\/types\/page"}],"author":[{"embeddable":true,"href":"https:\/\/mks-bauelemente.de\/index.php?rest_route=\/wp\/v2\/users\/2"}],"replies":[{"embeddable":true,"href":"https:\/\/mks-bauelemente.de\/index.php?rest_route=%2Fwp%2Fv2%2Fcomments&post=101"}],"version-history":[{"count":5,"href":"https:\/\/mks-bauelemente.de\/index.php?rest_route=\/wp\/v2\/pages\/101\/revisions"}],"predecessor-version":[{"id":600,"href":"https:\/\/mks-bauelemente.de\/index.php?rest_route=\/wp\/v2\/pages\/101\/revisions\/600"}],"wp:attachment":[{"href":"https:\/\/mks-bauelemente.de\/index.php?rest_route=%2Fwp%2Fv2%2Fmedia&parent=101"}],"curies":[{"name":"wp","href":"https:\/\/api.w.org\/{rel}","templated":true}]}}